{"id":962,"date":"2022-10-26T09:28:04","date_gmt":"2022-10-26T09:28:04","guid":{"rendered":"https:\/\/www.maratonmartinfiz.com\/gasteizko-udala\/"},"modified":"2022-11-07T10:05:30","modified_gmt":"2022-11-07T10:05:30","slug":"gasteizko-udala","status":"publish","type":"page","link":"https:\/\/www.maratonmartinfiz.com\/eus\/gasteizko-udala\/","title":{"rendered":"Gasteizko Udala"},"content":{"rendered":"<div data-elementor-type=\"wp-page\" data-elementor-id=\"962\" class=\"elementor elementor-962\" data-elementor-settings=\"{&quot;ha_cmc_init_switcher&quot;:&quot;no&quot;}\">\n\t\t\t\t\t\t<section class=\"elementor-section elementor-top-section elementor-element elementor-element-4737a11e elementor-section-height-min-height elementor-section-boxed elementor-section-height-default elementor-section-items-middle\" data-id=\"4737a11e\" data-element_type=\"section\" data-settings=\"{&quot;background_background&quot;:&quot;classic&quot;,&quot;_ha_eqh_enable&quot;:false}\">\n\t\t\t\t\t\t\t<div class=\"elementor-background-overlay\"><\/div>\n\t\t\t\t\t\t\t<div class=\"elementor-container elementor-column-gap-extended\">\n\t\t\t\t\t<div class=\"elementor-column elementor-col-100 elementor-top-column elementor-element elementor-element-dcb7267\" data-id=\"dcb7267\" data-element_type=\"column\">\n\t\t\t<div class=\"elementor-widget-wrap elementor-element-populated\">\n\t\t\t\t\t\t<div class=\"elementor-element elementor-element-7061d569 elementor-widget elementor-widget-heading\" data-id=\"7061d569\" data-element_type=\"widget\" data-widget_type=\"heading.default\">\n\t\t\t\t<div class=\"elementor-widget-container\">\n\t\t\t\t\t<h2 class=\"elementor-heading-title elementor-size-default\">VITORIA-GASTEIZKO UDALA <\/h2>\t\t\t\t<\/div>\n\t\t\t\t<\/div>\n\t\t\t\t<div class=\"elementor-element elementor-element-495dc38b elementor-widget elementor-widget-heading\" data-id=\"495dc38b\" data-element_type=\"widget\" data-widget_type=\"heading.default\">\n\t\t\t\t<div class=\"elementor-widget-container\">\n\t\t\t\t\t<h2 class=\"elementor-heading-title elementor-size-default\">GUZTIRA ENERGIAK MARATOIA MARTIN FIZ <\/h2>\t\t\t\t<\/div>\n\t\t\t\t<\/div>\n\t\t\t\t\t<\/div>\n\t\t<\/div>\n\t\t\t\t\t<\/div>\n\t\t<\/section>\n\t\t\t\t<section class=\"elementor-section elementor-top-section elementor-element elementor-element-5843b7eb elementor-section-boxed elementor-section-height-default elementor-section-height-default\" data-id=\"5843b7eb\" data-element_type=\"section\" data-settings=\"{&quot;background_background&quot;:&quot;classic&quot;,&quot;_ha_eqh_enable&quot;:false}\">\n\t\t\t\t\t\t<div class=\"elementor-container elementor-column-gap-default\">\n\t\t\t\t\t<div class=\"elementor-column elementor-col-100 elementor-top-column elementor-element elementor-element-1b1888f0\" data-id=\"1b1888f0\" data-element_type=\"column\" data-settings=\"{&quot;background_background&quot;:&quot;classic&quot;}\">\n\t\t\t<div class=\"elementor-widget-wrap elementor-element-populated\">\n\t\t\t\t\t\t<div class=\"elementor-element elementor-element-d577a2f elementor-widget elementor-widget-image\" data-id=\"d577a2f\" data-element_type=\"widget\" data-widget_type=\"image.default\">\n\t\t\t\t<div class=\"elementor-widget-container\">\n\t\t\t\t\t\t\t\t\t\t\t\t\t\t\t<img fetchpriority=\"high\" decoding=\"async\" width=\"2253\" height=\"647\" src=\"https:\/\/www.maratonmartinfiz.com\/wp-content\/uploads\/2022\/10\/MMF_Logo-04.jpg\" class=\"attachment-full size-full wp-image-705\" alt=\"\" srcset=\"https:\/\/www.maratonmartinfiz.com\/wp-content\/uploads\/2022\/10\/MMF_Logo-04.jpg 2253w, https:\/\/www.maratonmartinfiz.com\/wp-content\/uploads\/2022\/10\/MMF_Logo-04-300x86.jpg 300w, https:\/\/www.maratonmartinfiz.com\/wp-content\/uploads\/2022\/10\/MMF_Logo-04-1024x294.jpg 1024w, https:\/\/www.maratonmartinfiz.com\/wp-content\/uploads\/2022\/10\/MMF_Logo-04-768x221.jpg 768w, https:\/\/www.maratonmartinfiz.com\/wp-content\/uploads\/2022\/10\/MMF_Logo-04-1536x441.jpg 1536w, https:\/\/www.maratonmartinfiz.com\/wp-content\/uploads\/2022\/10\/MMF_Logo-04-2048x588.jpg 2048w\" sizes=\"(max-width: 2253px) 100vw, 2253px\" \/>\t\t\t\t\t\t\t\t\t\t\t\t\t\t\t<\/div>\n\t\t\t\t<\/div>\n\t\t\t\t<div class=\"elementor-element elementor-element-1da7a21d elementor-widget elementor-widget-heading\" data-id=\"1da7a21d\" data-element_type=\"widget\" data-widget_type=\"heading.default\">\n\t\t\t\t<div class=\"elementor-widget-container\">\n\t\t\t\t\t<h2 class=\"elementor-heading-title elementor-size-default\">HEMEN DUZUE GURE HIRI BURUZKO INFORMAZIO GUZTIA<\/h2>\t\t\t\t<\/div>\n\t\t\t\t<\/div>\n\t\t\t\t<div class=\"elementor-element elementor-element-38d50537 elementor-align-center elementor-widget elementor-widget-button\" data-id=\"38d50537\" data-element_type=\"widget\" data-widget_type=\"button.default\">\n\t\t\t\t<div class=\"elementor-widget-container\">\n\t\t\t\t\t\t\t\t\t<div class=\"elementor-button-wrapper\">\n\t\t\t\t\t<a class=\"elementor-button elementor-button-link elementor-size-sm\" href=\"https:\/\/www.vitoria-gasteiz.org\/we001\/was\/we001Action.do?accionWe001=ficha&#038;accion=home\" target=\"_blank\">\n\t\t\t\t\t\t<span class=\"elementor-button-content-wrapper\">\n\t\t\t\t\t\t\t\t\t<span class=\"elementor-button-text\">UDALAREN WEBGUNEA<\/span>\n\t\t\t\t\t<\/span>\n\t\t\t\t\t<\/a>\n\t\t\t\t<\/div>\n\t\t\t\t\t\t\t\t<\/div>\n\t\t\t\t<\/div>\n\t\t\t\t\t<\/div>\n\t\t<\/div>\n\t\t\t\t\t<\/div>\n\t\t<\/section>\n\t\t\t\t<\/div>","protected":false},"excerpt":{"rendered":"<p>VITORIA-GASTEIZKO UDALA GUZTIRA ENERGIAK MARATOIA MARTIN FIZ HEMEN DUZUE GURE HIRI BURUZKO INFORMAZIO GUZTIA UDALAREN WEBGUNEA<\/p>","protected":false},"author":1,"featured_media":0,"parent":0,"menu_order":0,"comment_status":"closed","ping_status":"closed","template":"","meta":{"om_disable_all_campaigns":false,"_monsterinsights_skip_tracking":false,"_monsterinsights_sitenote_active":false,"_monsterinsights_sitenote_note":"","_monsterinsights_sitenote_category":0,"site-sidebar-layout":"no-sidebar","site-content-layout":"page-builder","ast-site-content-layout":"","site-content-style":"default","site-sidebar-style":"default","ast-global-header-display":"","ast-banner-title-visibility":"","ast-main-header-display":"","ast-hfb-above-header-display":"","ast-hfb-below-header-display":"","ast-hfb-mobile-header-display":"","site-post-title":"disabled","ast-breadcrumbs-content":"","ast-featured-img":"disabled","footer-sml-layout":"","theme-transparent-header-meta":"","adv-header-id-meta":"","stick-header-meta":"","header-above-stick-meta":"","header-main-stick-meta":"","header-below-stick-meta":"","astra-migrate-meta-layouts":"default","ast-page-background-enabled":"default","ast-page-background-meta":{"desktop":{"background-color":"var(--ast-global-color-4)","background-image":"","background-repeat":"repeat","background-position":"center center","background-size":"auto","background-attachment":"scroll","background-type":"","background-media":"","overlay-type":"","overlay-color":"","overlay-opacity":"","overlay-gradient":""},"tablet":{"background-color":"","background-image":"","background-repeat":"repeat","background-position":"center center","background-size":"auto","background-attachment":"scroll","background-type":"","background-media":"","overlay-type":"","overlay-color":"","overlay-opacity":"","overlay-gradient":""},"mobile":{"background-color":"","background-image":"","background-repeat":"repeat","background-position":"center center","background-size":"auto","background-attachment":"scroll","background-type":"","background-media":"","overlay-type":"","overlay-color":"","overlay-opacity":"","overlay-gradient":""}},"ast-content-background-meta":{"desktop":{"background-color":"var(--ast-global-color-5)","background-image":"","background-repeat":"repeat","background-position":"center center","background-size":"auto","background-attachment":"scroll","background-type":"","background-media":"","overlay-type":"","overlay-color":"","overlay-opacity":"","overlay-gradient":""},"tablet":{"background-color":"var(--ast-global-color-5)","background-image":"","background-repeat":"repeat","background-position":"center center","background-size":"auto","background-attachment":"scroll","background-type":"","background-media":"","overlay-type":"","overlay-color":"","overlay-opacity":"","overlay-gradient":""},"mobile":{"background-color":"var(--ast-global-color-5)","background-image":"","background-repeat":"repeat","background-position":"center center","background-size":"auto","background-attachment":"scroll","background-type":"","background-media":"","overlay-type":"","overlay-color":"","overlay-opacity":"","overlay-gradient":""}},"footnotes":""},"class_list":["post-962","page","type-page","status-publish","hentry"],"yoast_head":"<!-- This site is optimized with the Yoast SEO plugin v27.5 - https:\/\/yoast.com\/product\/yoast-seo-wordpress\/ -->\n<title>Gasteizko Udala - MARAT\u00d3N MART\u00cdN FIZ<\/title>\n<meta name=\"description\" content=\"Total Energies Vitoria-Gasteiz Martin Fiz Marathon 2023. Gozatu Gasteizko lasterketarik garrantzitsuenaz, nahiago duzun distantzian.\" \/>\n<meta name=\"robots\" content=\"index, follow, max-snippet:-1, max-image-preview:large, max-video-preview:-1\" \/>\n<link rel=\"canonical\" href=\"https:\/\/www.maratonmartinfiz.com\/eus\/eu\/gasteizko-udala\/\" \/>\n<meta property=\"og:locale\" content=\"en_US\" \/>\n<meta property=\"og:type\" content=\"article\" \/>\n<meta property=\"og:title\" content=\"Gasteizko Udala - MARAT\u00d3N MART\u00cdN FIZ\" \/>\n<meta property=\"og:description\" content=\"Total Energies Vitoria-Gasteiz Martin Fiz Marathon 2023. Gozatu Gasteizko lasterketarik garrantzitsuenaz, nahiago duzun distantzian.\" \/>\n<meta property=\"og:url\" content=\"https:\/\/www.maratonmartinfiz.com\/eus\/eu\/gasteizko-udala\/\" \/>\n<meta property=\"og:site_name\" content=\"MARAT\u00d3N MART\u00cdN FIZ\" \/>\n<meta property=\"article:modified_time\" content=\"2022-11-07T10:05:30+00:00\" \/>\n<meta property=\"og:image\" content=\"https:\/\/www.maratonmartinfiz.com\/wp-content\/uploads\/2022\/10\/MMF_Logo-04.jpg\" \/>\n<meta name=\"twitter:card\" content=\"summary_large_image\" \/>\n<script type=\"application\/ld+json\" class=\"yoast-schema-graph\">{\"@context\":\"https:\\\/\\\/schema.org\",\"@graph\":[{\"@type\":\"WebPage\",\"@id\":\"https:\\\/\\\/www.maratonmartinfiz.com\\\/eu\\\/gasteizko-udala\\\/\",\"url\":\"https:\\\/\\\/www.maratonmartinfiz.com\\\/eu\\\/gasteizko-udala\\\/\",\"name\":\"Gasteizko Udala - MARAT\u00d3N MART\u00cdN FIZ\",\"isPartOf\":{\"@id\":\"https:\\\/\\\/www.maratonmartinfiz.com\\\/#website\"},\"primaryImageOfPage\":{\"@id\":\"https:\\\/\\\/www.maratonmartinfiz.com\\\/eu\\\/gasteizko-udala\\\/#primaryimage\"},\"image\":{\"@id\":\"https:\\\/\\\/www.maratonmartinfiz.com\\\/eu\\\/gasteizko-udala\\\/#primaryimage\"},\"thumbnailUrl\":\"https:\\\/\\\/www.maratonmartinfiz.com\\\/wp-content\\\/uploads\\\/2022\\\/10\\\/MMF_Logo-04.jpg\",\"datePublished\":\"2022-10-26T09:28:04+00:00\",\"dateModified\":\"2022-11-07T10:05:30+00:00\",\"description\":\"Total Energies Vitoria-Gasteiz Martin Fiz Marathon 2023. Gozatu Gasteizko lasterketarik garrantzitsuenaz, nahiago duzun distantzian.\",\"breadcrumb\":{\"@id\":\"https:\\\/\\\/www.maratonmartinfiz.com\\\/eu\\\/gasteizko-udala\\\/#breadcrumb\"},\"inLanguage\":\"eu\",\"potentialAction\":[{\"@type\":\"ReadAction\",\"target\":[\"https:\\\/\\\/www.maratonmartinfiz.com\\\/eu\\\/gasteizko-udala\\\/\"]}]},{\"@type\":\"ImageObject\",\"inLanguage\":\"eu\",\"@id\":\"https:\\\/\\\/www.maratonmartinfiz.com\\\/eu\\\/gasteizko-udala\\\/#primaryimage\",\"url\":\"https:\\\/\\\/www.maratonmartinfiz.com\\\/wp-content\\\/uploads\\\/2022\\\/10\\\/MMF_Logo-04.jpg\",\"contentUrl\":\"https:\\\/\\\/www.maratonmartinfiz.com\\\/wp-content\\\/uploads\\\/2022\\\/10\\\/MMF_Logo-04.jpg\"},{\"@type\":\"BreadcrumbList\",\"@id\":\"https:\\\/\\\/www.maratonmartinfiz.com\\\/eu\\\/gasteizko-udala\\\/#breadcrumb\",\"itemListElement\":[{\"@type\":\"ListItem\",\"position\":1,\"name\":\"Portada\",\"item\":\"https:\\\/\\\/www.maratonmartinfiz.com\\\/\"},{\"@type\":\"ListItem\",\"position\":2,\"name\":\"Gasteizko Udala\"}]},{\"@type\":\"WebSite\",\"@id\":\"https:\\\/\\\/www.maratonmartinfiz.com\\\/#website\",\"url\":\"https:\\\/\\\/www.maratonmartinfiz.com\\\/\",\"name\":\"MARAT\u00d3N MART\u00cdN FIZ\",\"description\":\"Elproex Marat\u00f3n Mart\u00edn Fiz Vitoria-Gasteiz\",\"publisher\":{\"@id\":\"https:\\\/\\\/www.maratonmartinfiz.com\\\/#organization\"},\"potentialAction\":[{\"@type\":\"SearchAction\",\"target\":{\"@type\":\"EntryPoint\",\"urlTemplate\":\"https:\\\/\\\/www.maratonmartinfiz.com\\\/?s={search_term_string}\"},\"query-input\":{\"@type\":\"PropertyValueSpecification\",\"valueRequired\":true,\"valueName\":\"search_term_string\"}}],\"inLanguage\":\"eu\"},{\"@type\":\"Organization\",\"@id\":\"https:\\\/\\\/www.maratonmartinfiz.com\\\/#organization\",\"name\":\"MARAT\u00d3N MART\u00cdN FIZ\",\"url\":\"https:\\\/\\\/www.maratonmartinfiz.com\\\/\",\"logo\":{\"@type\":\"ImageObject\",\"inLanguage\":\"eu\",\"@id\":\"https:\\\/\\\/www.maratonmartinfiz.com\\\/#\\\/schema\\\/logo\\\/image\\\/\",\"url\":\"https:\\\/\\\/www.maratonmartinfiz.com\\\/wp-content\\\/uploads\\\/2022\\\/10\\\/cropped-cropped-8.png\",\"contentUrl\":\"https:\\\/\\\/www.maratonmartinfiz.com\\\/wp-content\\\/uploads\\\/2022\\\/10\\\/cropped-cropped-8.png\",\"width\":512,\"height\":276,\"caption\":\"MARAT\u00d3N MART\u00cdN FIZ\"},\"image\":{\"@id\":\"https:\\\/\\\/www.maratonmartinfiz.com\\\/#\\\/schema\\\/logo\\\/image\\\/\"}}]}<\/script>\n<!-- \/ Yoast SEO plugin. -->","yoast_head_json":{"title":"Gasteizko Udala - MARAT\u00d3N MART\u00cdN FIZ","description":"Total Energies Vitoria-Gasteiz Martin Fiz Marathon 2023. Gozatu Gasteizko lasterketarik garrantzitsuenaz, nahiago duzun distantzian.","robots":{"index":"index","follow":"follow","max-snippet":"max-snippet:-1","max-image-preview":"max-image-preview:large","max-video-preview":"max-video-preview:-1"},"canonical":"https:\/\/www.maratonmartinfiz.com\/eus\/eu\/gasteizko-udala\/","og_locale":"en_US","og_type":"article","og_title":"Gasteizko Udala - MARAT\u00d3N MART\u00cdN FIZ","og_description":"Total Energies Vitoria-Gasteiz Martin Fiz Marathon 2023. Gozatu Gasteizko lasterketarik garrantzitsuenaz, nahiago duzun distantzian.","og_url":"https:\/\/www.maratonmartinfiz.com\/eus\/eu\/gasteizko-udala\/","og_site_name":"MARAT\u00d3N MART\u00cdN FIZ","article_modified_time":"2022-11-07T10:05:30+00:00","og_image":[{"url":"https:\/\/www.maratonmartinfiz.com\/wp-content\/uploads\/2022\/10\/MMF_Logo-04.jpg","type":"","width":"","height":""}],"twitter_card":"summary_large_image","schema":{"@context":"https:\/\/schema.org","@graph":[{"@type":"WebPage","@id":"https:\/\/www.maratonmartinfiz.com\/eu\/gasteizko-udala\/","url":"https:\/\/www.maratonmartinfiz.com\/eu\/gasteizko-udala\/","name":"Gasteizko Udala - MARAT\u00d3N MART\u00cdN FIZ","isPartOf":{"@id":"https:\/\/www.maratonmartinfiz.com\/#website"},"primaryImageOfPage":{"@id":"https:\/\/www.maratonmartinfiz.com\/eu\/gasteizko-udala\/#primaryimage"},"image":{"@id":"https:\/\/www.maratonmartinfiz.com\/eu\/gasteizko-udala\/#primaryimage"},"thumbnailUrl":"https:\/\/www.maratonmartinfiz.com\/wp-content\/uploads\/2022\/10\/MMF_Logo-04.jpg","datePublished":"2022-10-26T09:28:04+00:00","dateModified":"2022-11-07T10:05:30+00:00","description":"Total Energies Vitoria-Gasteiz Martin Fiz Marathon 2023. Gozatu Gasteizko lasterketarik garrantzitsuenaz, nahiago duzun distantzian.","breadcrumb":{"@id":"https:\/\/www.maratonmartinfiz.com\/eu\/gasteizko-udala\/#breadcrumb"},"inLanguage":"eu","potentialAction":[{"@type":"ReadAction","target":["https:\/\/www.maratonmartinfiz.com\/eu\/gasteizko-udala\/"]}]},{"@type":"ImageObject","inLanguage":"eu","@id":"https:\/\/www.maratonmartinfiz.com\/eu\/gasteizko-udala\/#primaryimage","url":"https:\/\/www.maratonmartinfiz.com\/wp-content\/uploads\/2022\/10\/MMF_Logo-04.jpg","contentUrl":"https:\/\/www.maratonmartinfiz.com\/wp-content\/uploads\/2022\/10\/MMF_Logo-04.jpg"},{"@type":"BreadcrumbList","@id":"https:\/\/www.maratonmartinfiz.com\/eu\/gasteizko-udala\/#breadcrumb","itemListElement":[{"@type":"ListItem","position":1,"name":"Portada","item":"https:\/\/www.maratonmartinfiz.com\/"},{"@type":"ListItem","position":2,"name":"Gasteizko Udala"}]},{"@type":"WebSite","@id":"https:\/\/www.maratonmartinfiz.com\/#website","url":"https:\/\/www.maratonmartinfiz.com\/","name":"MARAT\u00d3N MART\u00cdN FIZ","description":"Elproex Marat\u00f3n Mart\u00edn Fiz Vitoria-Gasteiz","publisher":{"@id":"https:\/\/www.maratonmartinfiz.com\/#organization"},"potentialAction":[{"@type":"SearchAction","target":{"@type":"EntryPoint","urlTemplate":"https:\/\/www.maratonmartinfiz.com\/?s={search_term_string}"},"query-input":{"@type":"PropertyValueSpecification","valueRequired":true,"valueName":"search_term_string"}}],"inLanguage":"eu"},{"@type":"Organization","@id":"https:\/\/www.maratonmartinfiz.com\/#organization","name":"MARAT\u00d3N MART\u00cdN FIZ","url":"https:\/\/www.maratonmartinfiz.com\/","logo":{"@type":"ImageObject","inLanguage":"eu","@id":"https:\/\/www.maratonmartinfiz.com\/#\/schema\/logo\/image\/","url":"https:\/\/www.maratonmartinfiz.com\/wp-content\/uploads\/2022\/10\/cropped-cropped-8.png","contentUrl":"https:\/\/www.maratonmartinfiz.com\/wp-content\/uploads\/2022\/10\/cropped-cropped-8.png","width":512,"height":276,"caption":"MARAT\u00d3N MART\u00cdN FIZ"},"image":{"@id":"https:\/\/www.maratonmartinfiz.com\/#\/schema\/logo\/image\/"}}]}},"_links":{"self":[{"href":"https:\/\/www.maratonmartinfiz.com\/eus\/wp-json\/wp\/v2\/pages\/962","targetHints":{"allow":["GET"]}}],"collection":[{"href":"https:\/\/www.maratonmartinfiz.com\/eus\/wp-json\/wp\/v2\/pages"}],"about":[{"href":"https:\/\/www.maratonmartinfiz.com\/eus\/wp-json\/wp\/v2\/types\/page"}],"author":[{"embeddable":true,"href":"https:\/\/www.maratonmartinfiz.com\/eus\/wp-json\/wp\/v2\/users\/1"}],"replies":[{"embeddable":true,"href":"https:\/\/www.maratonmartinfiz.com\/eus\/wp-json\/wp\/v2\/comments?post=962"}],"version-history":[{"count":2,"href":"https:\/\/www.maratonmartinfiz.com\/eus\/wp-json\/wp\/v2\/pages\/962\/revisions"}],"predecessor-version":[{"id":969,"href":"https:\/\/www.maratonmartinfiz.com\/eus\/wp-json\/wp\/v2\/pages\/962\/revisions\/969"}],"wp:attachment":[{"href":"https:\/\/www.maratonmartinfiz.com\/eus\/wp-json\/wp\/v2\/media?parent=962"}],"curies":[{"name":"wp","href":"https:\/\/api.w.org\/{rel}","templated":true}]}}