{"id":333,"date":"2022-10-25T11:52:26","date_gmt":"2022-10-25T11:52:26","guid":{"rendered":"https:\/\/www.maratonmartinfiz.com\/?page_id=333"},"modified":"2026-03-03T12:23:36","modified_gmt":"2026-03-03T12:23:36","slug":"como-llegar","status":"publish","type":"page","link":"https:\/\/www.maratonmartinfiz.com\/eus\/como-llegar\/","title":{"rendered":"Nola Heldu"},"content":{"rendered":"<div data-elementor-type=\"wp-page\" data-elementor-id=\"333\" class=\"elementor elementor-333\" data-elementor-settings=\"{&quot;ha_cmc_init_switcher&quot;:&quot;no&quot;}\">\n\t\t\t\t\t\t<section class=\"elementor-section elementor-top-section elementor-element elementor-element-767be36 elementor-section-height-min-height elementor-section-boxed elementor-section-height-default elementor-section-items-middle\" data-id=\"767be36\" data-element_type=\"section\" data-settings=\"{&quot;background_background&quot;:&quot;classic&quot;,&quot;_ha_eqh_enable&quot;:false}\">\n\t\t\t\t\t\t\t<div class=\"elementor-background-overlay\"><\/div>\n\t\t\t\t\t\t\t<div class=\"elementor-container elementor-column-gap-extended\">\n\t\t\t\t\t<div class=\"elementor-column elementor-col-100 elementor-top-column elementor-element elementor-element-6593dfdd\" data-id=\"6593dfdd\" data-element_type=\"column\">\n\t\t\t<div class=\"elementor-widget-wrap elementor-element-populated\">\n\t\t\t\t\t\t<div class=\"elementor-element elementor-element-233e97a6 elementor-widget elementor-widget-heading\" data-id=\"233e97a6\" data-element_type=\"widget\" data-widget_type=\"heading.default\">\n\t\t\t\t<div class=\"elementor-widget-container\">\n\t\t\t\t\t<h2 class=\"elementor-heading-title elementor-size-default\">NOLA HELDU <\/h2>\t\t\t\t<\/div>\n\t\t\t\t<\/div>\n\t\t\t\t<div class=\"elementor-element elementor-element-7be6af63 elementor-widget elementor-widget-heading\" data-id=\"7be6af63\" data-element_type=\"widget\" data-widget_type=\"heading.default\">\n\t\t\t\t<div class=\"elementor-widget-container\">\n\t\t\t\t\t<h2 class=\"elementor-heading-title elementor-size-default\">Elproex Vitoria-Gasteiz Mart\u00edn Fiz Maratoia <\/h2>\t\t\t\t<\/div>\n\t\t\t\t<\/div>\n\t\t\t\t\t<\/div>\n\t\t<\/div>\n\t\t\t\t\t<\/div>\n\t\t<\/section>\n\t\t\t\t<section class=\"elementor-section elementor-top-section elementor-element elementor-element-cf59b1c elementor-section-boxed elementor-section-height-default elementor-section-height-default\" data-id=\"cf59b1c\" data-element_type=\"section\" data-settings=\"{&quot;_ha_eqh_enable&quot;:false}\">\n\t\t\t\t\t\t<div class=\"elementor-container elementor-column-gap-default\">\n\t\t\t\t\t<div class=\"elementor-column elementor-col-50 elementor-top-column elementor-element elementor-element-73c0f57\" data-id=\"73c0f57\" data-element_type=\"column\">\n\t\t\t<div class=\"elementor-widget-wrap elementor-element-populated\">\n\t\t\t\t\t\t<div class=\"elementor-element elementor-element-5ff54af ha-has-bg-overlay elementor-widget elementor-widget-image\" data-id=\"5ff54af\" data-element_type=\"widget\" data-widget_type=\"image.default\">\n\t\t\t\t<div class=\"elementor-widget-container\">\n\t\t\t\t\t\t\t\t\t\t\t\t\t\t\t<img decoding=\"async\" src=\"https:\/\/www.maratonmartinfiz.com\/wp-content\/uploads\/elementor\/thumbs\/CT_vitoriagasteiz-pxi1hhupleigwq9uxcmnvtxf5uypxi590m38m13rqo.jpeg\" title=\"CT_vitoriagasteiz\" alt=\"CT_vitoriagasteiz\" loading=\"lazy\" \/>\t\t\t\t\t\t\t\t\t\t\t\t\t\t\t<\/div>\n\t\t\t\t<\/div>\n\t\t\t\t\t<\/div>\n\t\t<\/div>\n\t\t\t\t<div class=\"elementor-column elementor-col-50 elementor-top-column elementor-element elementor-element-a9f562d\" data-id=\"a9f562d\" data-element_type=\"column\">\n\t\t\t<div class=\"elementor-widget-wrap elementor-element-populated\">\n\t\t\t\t\t\t<div class=\"elementor-element elementor-element-f2e0963 elementor-widget elementor-widget-text-editor\" data-id=\"f2e0963\" data-element_type=\"widget\" data-widget_type=\"text-editor.default\">\n\t\t\t\t<div class=\"elementor-widget-container\">\n\t\t\t\t\t\t\t\t\t<h2><strong>Nola heldu eta mugitu hiritik<\/strong><\/h2><h3>Tren estazioa (aukerarik egokiena):<\/h3><ul><li>Estaci\u00f3n de Vitoria-Gasteiz:\u00a0<a href=\"http:\/\/www.renfe.com\/\" target=\"_blank\" rel=\"noopener\">RENFE<\/a><\/li><\/ul><h3>Aireportuak:<\/h3><ul><li>Aeropuerto de\u00a0<a href=\"https:\/\/www.aena.es\/es\/vitoria.html\" target=\"_blank\" rel=\"noopener\">Vitoria-Gasteiz<\/a>\u00a0(8 km)<\/li><li>Aeropuerto de Loiu,<a href=\"https:\/\/www.aena.es\/es\/bilbao.html\" target=\"_blank\" rel=\"noopener\">\u00a0<strong>Bilbao<\/strong>\u00a0<\/a>(74,7 km)<\/li><\/ul><h3>Autobus estazioa:<\/h3><ul><li><a href=\"http:\/\/www.vitoria-gasteiz.org\/we001\/was\/we001Action.do?accionWe001=ficha&amp;idioma=es&amp;accion=cuadroMando&amp;claveArea=1&amp;claveTema=259&amp;alias\" target=\"_blank\" rel=\"noopener\">Estacion de Autobuses de Vitoria-Gasteiz<\/a><\/li><\/ul><h3>Kotxean:<\/h3><ul><li>Kalkulatu zure ibilbidea klik eginez\u00a0<a href=\"http:\/\/www.viamichelin.es\/\" target=\"_blank\" rel=\"noopener\">aqu\u00ed<\/a><\/li><li>Vitoria-Gasteizeko aparkalekuak\u00a0<a href=\"https:\/\/www.vitoria-gasteiz.org\/wb021\/was\/contenidoAction.do?idioma=es&amp;uid=38d7c3f5_1212de88e95__7fda\" target=\"_blank\" rel=\"noopener\">aqu\u00ed<\/a><\/li><\/ul><h3>Aireportutik distantzia<\/h3><ul><li><a href=\"https:\/\/www.google.es\/maps\/dir\/Aeropuerto+de+Bilbao,+Loiu\/Vitoria-Gasteiz\/@43.0727172,-2.8418969,10z\/data=!3m1!4b1!4m13!4m12!1m5!1m1!1s0xd4e456846ec45ab:0xc8b4a1b45d817b42!2m2!1d-2.911116!2d43.302494!1m5!1m1!1s0xd4fc2377d3d8f5b:0x9c6eb78c91ab49c9!2m2!1d-2.6817918!2d42.8591656\" target=\"_blank\" rel=\"noopener\">Bilbao (Aeropuerto) &#8211; Vitoria<\/a><\/li><\/ul><h3>Aireportutik garraio publikoak:<\/h3><ul><li><p><a href=\"http:\/\/www.termibus.es\/\" target=\"_blank\" rel=\"noopener\">Bilbao &#8211; Vitoria<\/a><\/p><\/li><\/ul><h3>Hiritik mugitu:<\/h3><ul><li>Hiritik mugitzeko modu erosoenak\u00a0<a href=\"https:\/\/www.vitoria-gasteiz.org\/wb021\/was\/contenidoAction.do?idioma=es&amp;uid=u_608f5eff_12d0d73af5c__7ff8\" target=\"_blank\" rel=\"noopener\">aqu\u00ed<\/a><\/li><\/ul>\t\t\t\t\t\t\t\t<\/div>\n\t\t\t\t<\/div>\n\t\t\t\t\t<\/div>\n\t\t<\/div>\n\t\t\t\t\t<\/div>\n\t\t<\/section>\n\t\t\t\t<\/div>","protected":false},"excerpt":{"rendered":"<p>C\u00d3MO LLEGAR Elproex Vitoria-Gasteiz Marat\u00f3n Mart\u00edn Fiz C\u00f3mo llegar y moverse por la ciudad Estaci\u00f3n de tren (mejor opci\u00f3n): Estaci\u00f3n de Vitoria-Gasteiz:\u00a0RENFE Aeropuertos cercanos: Aeropuerto de\u00a0Vitoria-Gasteiz\u00a0(8 km) Aeropuerto de Loiu,\u00a0Bilbao\u00a0(74,7 km) Estaci\u00f3n de autobuses: Estacion de Autobuses de Vitoria-Gasteiz En coche: Calcula tu ruta haciendo clic\u00a0aqu\u00ed Parkings en Vitoria-Gasteiz\u00a0aqu\u00ed Distancia desde el aeropuerto: Bilbao (Aeropuerto) [&hellip;]<\/p>","protected":false},"author":1,"featured_media":0,"parent":0,"menu_order":0,"comment_status":"closed","ping_status":"closed","template":"","meta":{"om_disable_all_campaigns":false,"_monsterinsights_skip_tracking":false,"_monsterinsights_sitenote_active":false,"_monsterinsights_sitenote_note":"","_monsterinsights_sitenote_category":0,"site-sidebar-layout":"no-sidebar","site-content-layout":"page-builder","ast-site-content-layout":"","site-content-style":"default","site-sidebar-style":"default","ast-global-header-display":"","ast-banner-title-visibility":"","ast-main-header-display":"","ast-hfb-above-header-display":"","ast-hfb-below-header-display":"","ast-hfb-mobile-header-display":"","site-post-title":"disabled","ast-breadcrumbs-content":"","ast-featured-img":"disabled","footer-sml-layout":"","theme-transparent-header-meta":"","adv-header-id-meta":"","stick-header-meta":"","header-above-stick-meta":"","header-main-stick-meta":"","header-below-stick-meta":"","astra-migrate-meta-layouts":"default","ast-page-background-enabled":"default","ast-page-background-meta":{"desktop":{"background-color":"var(--ast-global-color-4)","background-image":"","background-repeat":"repeat","background-position":"center center","background-size":"auto","background-attachment":"scroll","background-type":"","background-media":"","overlay-type":"","overlay-color":"","overlay-opacity":"","overlay-gradient":""},"tablet":{"background-color":"","background-image":"","background-repeat":"repeat","background-position":"center center","background-size":"auto","background-attachment":"scroll","background-type":"","background-media":"","overlay-type":"","overlay-color":"","overlay-opacity":"","overlay-gradient":""},"mobile":{"background-color":"","background-image":"","background-repeat":"repeat","background-position":"center center","background-size":"auto","background-attachment":"scroll","background-type":"","background-media":"","overlay-type":"","overlay-color":"","overlay-opacity":"","overlay-gradient":""}},"ast-content-background-meta":{"desktop":{"background-color":"var(--ast-global-color-5)","background-image":"","background-repeat":"repeat","background-position":"center center","background-size":"auto","background-attachment":"scroll","background-type":"","background-media":"","overlay-type":"","overlay-color":"","overlay-opacity":"","overlay-gradient":""},"tablet":{"background-color":"var(--ast-global-color-5)","background-image":"","background-repeat":"repeat","background-position":"center center","background-size":"auto","background-attachment":"scroll","background-type":"","background-media":"","overlay-type":"","overlay-color":"","overlay-opacity":"","overlay-gradient":""},"mobile":{"background-color":"var(--ast-global-color-5)","background-image":"","background-repeat":"repeat","background-position":"center center","background-size":"auto","background-attachment":"scroll","background-type":"","background-media":"","overlay-type":"","overlay-color":"","overlay-opacity":"","overlay-gradient":""}},"footnotes":""},"class_list":["post-333","page","type-page","status-publish","hentry"],"yoast_head":"<!-- This site is optimized with the Yoast SEO plugin v27.3 - https:\/\/yoast.com\/product\/yoast-seo-wordpress\/ -->\n<title>C\u00f3mo llegar - MARAT\u00d3N MART\u00cdN FIZ<\/title>\n<meta name=\"description\" content=\"Total Energies Vitoria-Gasteiz Marat\u00f3n Martin Fiz 2023. Disfruta de la carrera de running m\u00e1s importante de Vitoria, en la distancia que prefieras.\" \/>\n<meta name=\"robots\" content=\"index, follow, max-snippet:-1, max-image-preview:large, max-video-preview:-1\" \/>\n<link rel=\"canonical\" href=\"https:\/\/www.maratonmartinfiz.com\/eus\/como-llegar\/\" \/>\n<meta property=\"og:locale\" content=\"en_US\" \/>\n<meta property=\"og:type\" content=\"article\" \/>\n<meta property=\"og:title\" content=\"C\u00f3mo llegar - MARAT\u00d3N MART\u00cdN FIZ\" \/>\n<meta property=\"og:description\" content=\"Total Energies Vitoria-Gasteiz Marat\u00f3n Martin Fiz 2023. Disfruta de la carrera de running m\u00e1s importante de Vitoria, en la distancia que prefieras.\" \/>\n<meta property=\"og:url\" content=\"https:\/\/www.maratonmartinfiz.com\/eus\/como-llegar\/\" \/>\n<meta property=\"og:site_name\" content=\"MARAT\u00d3N MART\u00cdN FIZ\" \/>\n<meta property=\"article:modified_time\" content=\"2026-03-03T12:23:36+00:00\" \/>\n<meta property=\"og:image\" content=\"https:\/\/www.maratonmartinfiz.com\/wp-content\/uploads\/elementor\/thumbs\/CT_vitoriagasteiz-pxi1hhupleigwq9uxcmnvtxf5uypxi590m38m13rqo.jpeg\" \/>\n<meta name=\"twitter:card\" content=\"summary_large_image\" \/>\n<meta name=\"twitter:label1\" content=\"Est. reading time\" \/>\n\t<meta name=\"twitter:data1\" content=\"1 minutua\" \/>\n<script type=\"application\/ld+json\" class=\"yoast-schema-graph\">{\"@context\":\"https:\\\/\\\/schema.org\",\"@graph\":[{\"@type\":\"WebPage\",\"@id\":\"https:\\\/\\\/www.maratonmartinfiz.com\\\/como-llegar\\\/\",\"url\":\"https:\\\/\\\/www.maratonmartinfiz.com\\\/como-llegar\\\/\",\"name\":\"C\u00f3mo llegar - MARAT\u00d3N MART\u00cdN FIZ\",\"isPartOf\":{\"@id\":\"https:\\\/\\\/www.maratonmartinfiz.com\\\/#website\"},\"primaryImageOfPage\":{\"@id\":\"https:\\\/\\\/www.maratonmartinfiz.com\\\/como-llegar\\\/#primaryimage\"},\"image\":{\"@id\":\"https:\\\/\\\/www.maratonmartinfiz.com\\\/como-llegar\\\/#primaryimage\"},\"thumbnailUrl\":\"https:\\\/\\\/www.maratonmartinfiz.com\\\/wp-content\\\/uploads\\\/elementor\\\/thumbs\\\/CT_vitoriagasteiz-pxi1hhupleigwq9uxcmnvtxf5uypxi590m38m13rqo.jpeg\",\"datePublished\":\"2022-10-25T11:52:26+00:00\",\"dateModified\":\"2026-03-03T12:23:36+00:00\",\"description\":\"Total Energies Vitoria-Gasteiz Marat\u00f3n Martin Fiz 2023. Disfruta de la carrera de running m\u00e1s importante de Vitoria, en la distancia que prefieras.\",\"breadcrumb\":{\"@id\":\"https:\\\/\\\/www.maratonmartinfiz.com\\\/como-llegar\\\/#breadcrumb\"},\"inLanguage\":\"eu\",\"potentialAction\":[{\"@type\":\"ReadAction\",\"target\":[\"https:\\\/\\\/www.maratonmartinfiz.com\\\/como-llegar\\\/\"]}]},{\"@type\":\"ImageObject\",\"inLanguage\":\"eu\",\"@id\":\"https:\\\/\\\/www.maratonmartinfiz.com\\\/como-llegar\\\/#primaryimage\",\"url\":\"https:\\\/\\\/www.maratonmartinfiz.com\\\/wp-content\\\/uploads\\\/elementor\\\/thumbs\\\/CT_vitoriagasteiz-pxi1hhupleigwq9uxcmnvtxf5uypxi590m38m13rqo.jpeg\",\"contentUrl\":\"https:\\\/\\\/www.maratonmartinfiz.com\\\/wp-content\\\/uploads\\\/elementor\\\/thumbs\\\/CT_vitoriagasteiz-pxi1hhupleigwq9uxcmnvtxf5uypxi590m38m13rqo.jpeg\"},{\"@type\":\"BreadcrumbList\",\"@id\":\"https:\\\/\\\/www.maratonmartinfiz.com\\\/como-llegar\\\/#breadcrumb\",\"itemListElement\":[{\"@type\":\"ListItem\",\"position\":1,\"name\":\"Portada\",\"item\":\"https:\\\/\\\/www.maratonmartinfiz.com\\\/\"},{\"@type\":\"ListItem\",\"position\":2,\"name\":\"C\u00f3mo llegar\"}]},{\"@type\":\"WebSite\",\"@id\":\"https:\\\/\\\/www.maratonmartinfiz.com\\\/#website\",\"url\":\"https:\\\/\\\/www.maratonmartinfiz.com\\\/\",\"name\":\"MARAT\u00d3N MART\u00cdN FIZ\",\"description\":\"Elproex Marat\u00f3n Mart\u00edn Fiz Vitoria-Gasteiz\",\"publisher\":{\"@id\":\"https:\\\/\\\/www.maratonmartinfiz.com\\\/#organization\"},\"potentialAction\":[{\"@type\":\"SearchAction\",\"target\":{\"@type\":\"EntryPoint\",\"urlTemplate\":\"https:\\\/\\\/www.maratonmartinfiz.com\\\/?s={search_term_string}\"},\"query-input\":{\"@type\":\"PropertyValueSpecification\",\"valueRequired\":true,\"valueName\":\"search_term_string\"}}],\"inLanguage\":\"eu\"},{\"@type\":\"Organization\",\"@id\":\"https:\\\/\\\/www.maratonmartinfiz.com\\\/#organization\",\"name\":\"MARAT\u00d3N MART\u00cdN FIZ\",\"url\":\"https:\\\/\\\/www.maratonmartinfiz.com\\\/\",\"logo\":{\"@type\":\"ImageObject\",\"inLanguage\":\"eu\",\"@id\":\"https:\\\/\\\/www.maratonmartinfiz.com\\\/#\\\/schema\\\/logo\\\/image\\\/\",\"url\":\"https:\\\/\\\/www.maratonmartinfiz.com\\\/wp-content\\\/uploads\\\/2022\\\/10\\\/cropped-cropped-8.png\",\"contentUrl\":\"https:\\\/\\\/www.maratonmartinfiz.com\\\/wp-content\\\/uploads\\\/2022\\\/10\\\/cropped-cropped-8.png\",\"width\":512,\"height\":276,\"caption\":\"MARAT\u00d3N MART\u00cdN FIZ\"},\"image\":{\"@id\":\"https:\\\/\\\/www.maratonmartinfiz.com\\\/#\\\/schema\\\/logo\\\/image\\\/\"}}]}<\/script>\n<!-- \/ Yoast SEO plugin. -->","yoast_head_json":{"title":"C\u00f3mo llegar - MARAT\u00d3N MART\u00cdN FIZ","description":"Total Energies Vitoria-Gasteiz Marat\u00f3n Martin Fiz 2023. Disfruta de la carrera de running m\u00e1s importante de Vitoria, en la distancia que prefieras.","robots":{"index":"index","follow":"follow","max-snippet":"max-snippet:-1","max-image-preview":"max-image-preview:large","max-video-preview":"max-video-preview:-1"},"canonical":"https:\/\/www.maratonmartinfiz.com\/eus\/como-llegar\/","og_locale":"en_US","og_type":"article","og_title":"C\u00f3mo llegar - MARAT\u00d3N MART\u00cdN FIZ","og_description":"Total Energies Vitoria-Gasteiz Marat\u00f3n Martin Fiz 2023. Disfruta de la carrera de running m\u00e1s importante de Vitoria, en la distancia que prefieras.","og_url":"https:\/\/www.maratonmartinfiz.com\/eus\/como-llegar\/","og_site_name":"MARAT\u00d3N MART\u00cdN FIZ","article_modified_time":"2026-03-03T12:23:36+00:00","og_image":[{"url":"https:\/\/www.maratonmartinfiz.com\/wp-content\/uploads\/elementor\/thumbs\/CT_vitoriagasteiz-pxi1hhupleigwq9uxcmnvtxf5uypxi590m38m13rqo.jpeg","type":"","width":"","height":""}],"twitter_card":"summary_large_image","twitter_misc":{"Est. reading time":"1 minutua"},"schema":{"@context":"https:\/\/schema.org","@graph":[{"@type":"WebPage","@id":"https:\/\/www.maratonmartinfiz.com\/como-llegar\/","url":"https:\/\/www.maratonmartinfiz.com\/como-llegar\/","name":"C\u00f3mo llegar - MARAT\u00d3N MART\u00cdN FIZ","isPartOf":{"@id":"https:\/\/www.maratonmartinfiz.com\/#website"},"primaryImageOfPage":{"@id":"https:\/\/www.maratonmartinfiz.com\/como-llegar\/#primaryimage"},"image":{"@id":"https:\/\/www.maratonmartinfiz.com\/como-llegar\/#primaryimage"},"thumbnailUrl":"https:\/\/www.maratonmartinfiz.com\/wp-content\/uploads\/elementor\/thumbs\/CT_vitoriagasteiz-pxi1hhupleigwq9uxcmnvtxf5uypxi590m38m13rqo.jpeg","datePublished":"2022-10-25T11:52:26+00:00","dateModified":"2026-03-03T12:23:36+00:00","description":"Total Energies Vitoria-Gasteiz Marat\u00f3n Martin Fiz 2023. Disfruta de la carrera de running m\u00e1s importante de Vitoria, en la distancia que prefieras.","breadcrumb":{"@id":"https:\/\/www.maratonmartinfiz.com\/como-llegar\/#breadcrumb"},"inLanguage":"eu","potentialAction":[{"@type":"ReadAction","target":["https:\/\/www.maratonmartinfiz.com\/como-llegar\/"]}]},{"@type":"ImageObject","inLanguage":"eu","@id":"https:\/\/www.maratonmartinfiz.com\/como-llegar\/#primaryimage","url":"https:\/\/www.maratonmartinfiz.com\/wp-content\/uploads\/elementor\/thumbs\/CT_vitoriagasteiz-pxi1hhupleigwq9uxcmnvtxf5uypxi590m38m13rqo.jpeg","contentUrl":"https:\/\/www.maratonmartinfiz.com\/wp-content\/uploads\/elementor\/thumbs\/CT_vitoriagasteiz-pxi1hhupleigwq9uxcmnvtxf5uypxi590m38m13rqo.jpeg"},{"@type":"BreadcrumbList","@id":"https:\/\/www.maratonmartinfiz.com\/como-llegar\/#breadcrumb","itemListElement":[{"@type":"ListItem","position":1,"name":"Portada","item":"https:\/\/www.maratonmartinfiz.com\/"},{"@type":"ListItem","position":2,"name":"C\u00f3mo llegar"}]},{"@type":"WebSite","@id":"https:\/\/www.maratonmartinfiz.com\/#website","url":"https:\/\/www.maratonmartinfiz.com\/","name":"MARAT\u00d3N MART\u00cdN FIZ","description":"Elproex Marat\u00f3n Mart\u00edn Fiz Vitoria-Gasteiz","publisher":{"@id":"https:\/\/www.maratonmartinfiz.com\/#organization"},"potentialAction":[{"@type":"SearchAction","target":{"@type":"EntryPoint","urlTemplate":"https:\/\/www.maratonmartinfiz.com\/?s={search_term_string}"},"query-input":{"@type":"PropertyValueSpecification","valueRequired":true,"valueName":"search_term_string"}}],"inLanguage":"eu"},{"@type":"Organization","@id":"https:\/\/www.maratonmartinfiz.com\/#organization","name":"MARAT\u00d3N MART\u00cdN FIZ","url":"https:\/\/www.maratonmartinfiz.com\/","logo":{"@type":"ImageObject","inLanguage":"eu","@id":"https:\/\/www.maratonmartinfiz.com\/#\/schema\/logo\/image\/","url":"https:\/\/www.maratonmartinfiz.com\/wp-content\/uploads\/2022\/10\/cropped-cropped-8.png","contentUrl":"https:\/\/www.maratonmartinfiz.com\/wp-content\/uploads\/2022\/10\/cropped-cropped-8.png","width":512,"height":276,"caption":"MARAT\u00d3N MART\u00cdN FIZ"},"image":{"@id":"https:\/\/www.maratonmartinfiz.com\/#\/schema\/logo\/image\/"}}]}},"_links":{"self":[{"href":"https:\/\/www.maratonmartinfiz.com\/eus\/wp-json\/wp\/v2\/pages\/333","targetHints":{"allow":["GET"]}}],"collection":[{"href":"https:\/\/www.maratonmartinfiz.com\/eus\/wp-json\/wp\/v2\/pages"}],"about":[{"href":"https:\/\/www.maratonmartinfiz.com\/eus\/wp-json\/wp\/v2\/types\/page"}],"author":[{"embeddable":true,"href":"https:\/\/www.maratonmartinfiz.com\/eus\/wp-json\/wp\/v2\/users\/1"}],"replies":[{"embeddable":true,"href":"https:\/\/www.maratonmartinfiz.com\/eus\/wp-json\/wp\/v2\/comments?post=333"}],"version-history":[{"count":17,"href":"https:\/\/www.maratonmartinfiz.com\/eus\/wp-json\/wp\/v2\/pages\/333\/revisions"}],"predecessor-version":[{"id":4168,"href":"https:\/\/www.maratonmartinfiz.com\/eus\/wp-json\/wp\/v2\/pages\/333\/revisions\/4168"}],"wp:attachment":[{"href":"https:\/\/www.maratonmartinfiz.com\/eus\/wp-json\/wp\/v2\/media?parent=333"}],"curies":[{"name":"wp","href":"https:\/\/api.w.org\/{rel}","templated":true}]}}