{"id":1839,"date":"2023-03-29T10:21:15","date_gmt":"2023-03-29T10:21:15","guid":{"rendered":"https:\/\/www.maratonmartinfiz.com\/?page_id=1839"},"modified":"2025-01-16T11:28:57","modified_gmt":"2025-01-16T11:28:57","slug":"renfe-descuento","status":"publish","type":"page","link":"https:\/\/www.maratonmartinfiz.com\/eus\/renfe-descuento\/","title":{"rendered":"Renfe promoci\u00f3n"},"content":{"rendered":"<div data-elementor-type=\"wp-page\" data-elementor-id=\"1839\" class=\"elementor elementor-1839\" data-elementor-settings=\"{&quot;ha_cmc_init_switcher&quot;:&quot;no&quot;}\">\n\t\t\t\t\t\t<section class=\"elementor-section elementor-top-section elementor-element elementor-element-f977ec5 elementor-section-height-min-height elementor-section-boxed elementor-section-height-default elementor-section-items-middle\" data-id=\"f977ec5\" data-element_type=\"section\" data-settings=\"{&quot;background_background&quot;:&quot;classic&quot;,&quot;_ha_eqh_enable&quot;:false}\">\n\t\t\t\t\t\t\t<div class=\"elementor-background-overlay\"><\/div>\n\t\t\t\t\t\t\t<div class=\"elementor-container elementor-column-gap-extended\">\n\t\t\t\t\t<div class=\"elementor-column elementor-col-100 elementor-top-column elementor-element elementor-element-5b94d4dd\" data-id=\"5b94d4dd\" data-element_type=\"column\">\n\t\t\t<div class=\"elementor-widget-wrap elementor-element-populated\">\n\t\t\t\t\t\t<div class=\"elementor-element elementor-element-53eacab7 elementor-widget elementor-widget-heading\" data-id=\"53eacab7\" data-element_type=\"widget\" data-widget_type=\"heading.default\">\n\t\t\t\t<div class=\"elementor-widget-container\">\n\t\t\t\t\t<h2 class=\"elementor-heading-title elementor-size-default\">Renfe PATROCINADOR OFICIAL<span style=\"white-space: pre-wrap\"><\/span><\/h2>\t\t\t\t<\/div>\n\t\t\t\t<\/div>\n\t\t\t\t<div class=\"elementor-element elementor-element-252f1236 elementor-widget elementor-widget-heading\" data-id=\"252f1236\" data-element_type=\"widget\" data-widget_type=\"heading.default\">\n\t\t\t\t<div class=\"elementor-widget-container\">\n\t\t\t\t\t<h2 class=\"elementor-heading-title elementor-size-default\">DESCUENTO EXCLUSIVO PARTICIPANTES<\/h2>\t\t\t\t<\/div>\n\t\t\t\t<\/div>\n\t\t\t\t\t<\/div>\n\t\t<\/div>\n\t\t\t\t\t<\/div>\n\t\t<\/section>\n\t\t\t\t<section class=\"elementor-section elementor-top-section elementor-element elementor-element-c5c4cd4 elementor-section-boxed elementor-section-height-default elementor-section-height-default\" data-id=\"c5c4cd4\" data-element_type=\"section\" data-settings=\"{&quot;_ha_eqh_enable&quot;:false}\">\n\t\t\t\t\t\t<div class=\"elementor-container elementor-column-gap-default\">\n\t\t\t\t\t<div class=\"elementor-column elementor-col-33 elementor-top-column elementor-element elementor-element-a4b6747\" data-id=\"a4b6747\" data-element_type=\"column\">\n\t\t\t<div class=\"elementor-widget-wrap elementor-element-populated\">\n\t\t\t\t\t\t<div class=\"elementor-element elementor-element-b59ff6b elementor-widget elementor-widget-video\" data-id=\"b59ff6b\" data-element_type=\"widget\" data-settings=\"{&quot;video_type&quot;:&quot;hosted&quot;,&quot;start&quot;:1,&quot;controls&quot;:&quot;yes&quot;}\" data-widget_type=\"video.default\">\n\t\t\t\t<div class=\"elementor-widget-container\">\n\t\t\t\t\t\t\t<div class=\"e-hosted-video elementor-wrapper elementor-open-inline\">\n\t\t\t\t\t<video class=\"elementor-video\" src=\"https:\/\/www.maratonmartinfiz.com\/wp-content\/uploads\/2024\/03\/Descuento-renfe_maraton_vitoria.mp4#t=1\" controls=\"\" preload=\"metadata\" controlslist=\"nodownload\"><\/video>\n\t\t\t\t<\/div>\n\t\t\t\t\t\t<\/div>\n\t\t\t\t<\/div>\n\t\t\t\t\t<\/div>\n\t\t<\/div>\n\t\t\t\t<div class=\"elementor-column elementor-col-66 elementor-top-column elementor-element elementor-element-18ed7e1\" data-id=\"18ed7e1\" data-element_type=\"column\">\n\t\t\t<div class=\"elementor-widget-wrap elementor-element-populated\">\n\t\t\t\t\t\t<div class=\"elementor-element elementor-element-80b3411 elementor-widget elementor-widget-text-editor\" data-id=\"80b3411\" data-element_type=\"widget\" data-widget_type=\"text-editor.default\">\n\t\t\t\t<div class=\"elementor-widget-container\">\n\t\t\t\t\t\t\t\t\t<p dir=\"ltr\" style=\"caret-color: #000000; color: #000000; font-style: normal; font-variant-caps: normal; font-weight: 400; letter-spacing: normal; orphans: auto; text-align: start; text-indent: 0px; text-transform: none; white-space: normal; widows: auto; word-spacing: 0px; -webkit-text-size-adjust: auto; -webkit-text-stroke-width: 0px; text-decoration: none;\"><strong>\u00bfVienes a Vitoria-Gasteiz con RENFE?<\/strong><\/p>\t\t\t\t\t\t\t\t<\/div>\n\t\t\t\t<\/div>\n\t\t\t\t<div class=\"elementor-element elementor-element-21dc003 elementor-widget elementor-widget-text-editor\" data-id=\"21dc003\" data-element_type=\"widget\" data-widget_type=\"text-editor.default\">\n\t\t\t\t<div class=\"elementor-widget-container\">\n\t\t\t\t\t\t\t\t\t<p dir=\"ltr\" style=\"caret-color: #000000; color: #000000; font-style: normal; font-variant-caps: normal; font-weight: 400; letter-spacing: normal; orphans: auto; text-align: start; text-indent: 0px; text-transform: none; white-space: normal; widows: auto; word-spacing: 0px; -webkit-text-size-adjust: auto; -webkit-text-stroke-width: 0px; text-decoration: none;\">\u00a1Estamos de suerte!<\/p><p dir=\"ltr\" style=\"caret-color: #000000; color: #000000; font-style: normal; font-variant-caps: normal; font-weight: 400; letter-spacing: normal; orphans: auto; text-align: start; text-indent: 0px; text-transform: none; white-space: normal; widows: auto; word-spacing: 0px; -webkit-text-size-adjust: auto; -webkit-text-stroke-width: 0px; text-decoration: none;\">Renfe por ser nuestro tren oficial, Renfe nos deja los billetes con un 10% de descuento. Adem\u00e1s, la estaci\u00f3n de tren de Vitoria-Gasteiz se encuentra en el coraz\u00f3n de la ciudad.<\/p><p dir=\"ltr\" style=\"caret-color: #000000; color: #000000; font-style: normal; font-variant-caps: normal; font-weight: 400; letter-spacing: normal; orphans: auto; text-align: start; text-indent: 0px; text-transform: none; white-space: normal; widows: auto; word-spacing: 0px; -webkit-text-size-adjust: auto; -webkit-text-stroke-width: 0px; text-decoration: none;\">\u00a0<\/p>\t\t\t\t\t\t\t\t<\/div>\n\t\t\t\t<\/div>\n\t\t\t\t<div class=\"elementor-element elementor-element-3c17d62 elementor-widget elementor-widget-text-editor\" data-id=\"3c17d62\" data-element_type=\"widget\" data-widget_type=\"text-editor.default\">\n\t\t\t\t<div class=\"elementor-widget-container\">\n\t\t\t\t\t\t\t\t\t<p dir=\"ltr\" style=\"caret-color: #000000; color: #000000; font-style: normal; font-variant-caps: normal; font-weight: 400; letter-spacing: normal; orphans: auto; text-align: start; text-indent: 0px; text-transform: none; white-space: normal; widows: auto; word-spacing: 0px; -webkit-text-size-adjust: auto; -webkit-text-stroke-width: 0px; text-decoration: none;\"><b>PASOS A SEGUIR:<\/b><\/p>\t\t\t\t\t\t\t\t<\/div>\n\t\t\t\t<\/div>\n\t\t\t\t<div class=\"elementor-element elementor-element-f45bebf elementor-position-left elementor-view-default elementor-mobile-position-top elementor-vertical-align-top elementor-widget elementor-widget-icon-box\" data-id=\"f45bebf\" data-element_type=\"widget\" data-widget_type=\"icon-box.default\">\n\t\t\t\t<div class=\"elementor-widget-container\">\n\t\t\t\t\t\t\t<div class=\"elementor-icon-box-wrapper\">\n\n\t\t\t\t\t\t<div class=\"elementor-icon-box-icon\">\n\t\t\t\t<span  class=\"elementor-icon\">\n\t\t\t\t<i aria-hidden=\"true\" class=\"fas fa-arrow-right\"><\/i>\t\t\t\t<\/span>\n\t\t\t<\/div>\n\t\t\t\n\t\t\t\t\t\t<div class=\"elementor-icon-box-content\">\n\n\t\t\t\t\t\t\t\t\t<h3 class=\"elementor-icon-box-title\">\n\t\t\t\t\t\t<span  >\n\t\t\t\t\t\t\tEntra en renfe.com\t\t\t\t\t\t<\/span>\n\t\t\t\t\t<\/h3>\n\t\t\t\t\n\t\t\t\t\n\t\t\t<\/div>\n\t\t\t\n\t\t<\/div>\n\t\t\t\t\t\t<\/div>\n\t\t\t\t<\/div>\n\t\t\t\t<div class=\"elementor-element elementor-element-5f31353 elementor-position-left elementor-view-default elementor-mobile-position-top elementor-vertical-align-top elementor-widget elementor-widget-icon-box\" data-id=\"5f31353\" data-element_type=\"widget\" data-widget_type=\"icon-box.default\">\n\t\t\t\t<div class=\"elementor-widget-container\">\n\t\t\t\t\t\t\t<div class=\"elementor-icon-box-wrapper\">\n\n\t\t\t\t\t\t<div class=\"elementor-icon-box-icon\">\n\t\t\t\t<span  class=\"elementor-icon\">\n\t\t\t\t<i aria-hidden=\"true\" class=\"fas fa-arrow-right\"><\/i>\t\t\t\t<\/span>\n\t\t\t<\/div>\n\t\t\t\n\t\t\t\t\t\t<div class=\"elementor-icon-box-content\">\n\n\t\t\t\t\t\t\t\t\t<h3 class=\"elementor-icon-box-title\">\n\t\t\t\t\t\t<span  >\n\t\t\t\t\t\t\tElige tu billete con destino Vitoria-Gasteiz\t\t\t\t\t\t<\/span>\n\t\t\t\t\t<\/h3>\n\t\t\t\t\n\t\t\t\t\n\t\t\t<\/div>\n\t\t\t\n\t\t<\/div>\n\t\t\t\t\t\t<\/div>\n\t\t\t\t<\/div>\n\t\t\t\t<div class=\"elementor-element elementor-element-ef9625a elementor-position-left elementor-view-default elementor-mobile-position-top elementor-vertical-align-top elementor-widget elementor-widget-icon-box\" data-id=\"ef9625a\" data-element_type=\"widget\" data-widget_type=\"icon-box.default\">\n\t\t\t\t<div class=\"elementor-widget-container\">\n\t\t\t\t\t\t\t<div class=\"elementor-icon-box-wrapper\">\n\n\t\t\t\t\t\t<div class=\"elementor-icon-box-icon\">\n\t\t\t\t<span  class=\"elementor-icon\">\n\t\t\t\t<i aria-hidden=\"true\" class=\"fas fa-arrow-right\"><\/i>\t\t\t\t<\/span>\n\t\t\t<\/div>\n\t\t\t\n\t\t\t\t\t\t<div class=\"elementor-icon-box-content\">\n\n\t\t\t\t\t\t\t\t\t<h3 class=\"elementor-icon-box-title\">\n\t\t\t\t\t\t<span  >\n\t\t\t\t\t\t\tElige en descuentos Congresos\/Ferias\t\t\t\t\t\t<\/span>\n\t\t\t\t\t<\/h3>\n\t\t\t\t\n\t\t\t\t\n\t\t\t<\/div>\n\t\t\t\n\t\t<\/div>\n\t\t\t\t\t\t<\/div>\n\t\t\t\t<\/div>\n\t\t\t\t<div class=\"elementor-element elementor-element-19ecf2e elementor-position-left elementor-view-default elementor-mobile-position-top elementor-vertical-align-top elementor-widget elementor-widget-icon-box\" data-id=\"19ecf2e\" data-element_type=\"widget\" data-widget_type=\"icon-box.default\">\n\t\t\t\t<div class=\"elementor-widget-container\">\n\t\t\t\t\t\t\t<div class=\"elementor-icon-box-wrapper\">\n\n\t\t\t\t\t\t<div class=\"elementor-icon-box-icon\">\n\t\t\t\t<span  class=\"elementor-icon\">\n\t\t\t\t<i aria-hidden=\"true\" class=\"fas fa-arrow-right\"><\/i>\t\t\t\t<\/span>\n\t\t\t<\/div>\n\t\t\t\n\t\t\t\t\t\t<div class=\"elementor-icon-box-content\">\n\n\t\t\t\t\t\t\t\t\t<h3 class=\"elementor-icon-box-title\">\n\t\t\t\t\t\t<span  >\n\t\t\t\t\t\t\tIntroduce el N\u00baAutorizaci\u00f3n: solic\u00edtalo al comprar tu dorsal en info@maratonmartinfiz.com\t\t\t\t\t\t<\/span>\n\t\t\t\t\t<\/h3>\n\t\t\t\t\n\t\t\t\t\n\t\t\t<\/div>\n\t\t\t\n\t\t<\/div>\n\t\t\t\t\t\t<\/div>\n\t\t\t\t<\/div>\n\t\t\t\t<div class=\"elementor-element elementor-element-df090f6 elementor-widget elementor-widget-text-editor\" data-id=\"df090f6\" data-element_type=\"widget\" data-widget_type=\"text-editor.default\">\n\t\t\t\t<div class=\"elementor-widget-container\">\n\t\t\t\t\t\t\t\t\t<p>\u00a0<\/p><p dir=\"ltr\" style=\"caret-color: #000000; color: #000000; font-style: normal; font-variant-caps: normal; font-weight: 400; letter-spacing: normal; orphans: auto; text-align: start; text-indent: 0px; text-transform: none; white-space: normal; widows: auto; word-spacing: 0px; -webkit-text-size-adjust: auto; -webkit-text-stroke-width: 0px; text-decoration: none;\">\u00a1Disfruta de tu descuento aplicado!<\/p><p dir=\"ltr\" style=\"caret-color: #000000; color: #000000; font-style: normal; font-variant-caps: normal; font-weight: 400; letter-spacing: normal; orphans: auto; text-align: start; text-indent: 0px; text-transform: none; white-space: normal; widows: auto; word-spacing: 0px; -webkit-text-size-adjust: auto; -webkit-text-stroke-width: 0px; text-decoration: none;\">\u00a0<\/p>\t\t\t\t\t\t\t\t<\/div>\n\t\t\t\t<\/div>\n\t\t\t\t\t<\/div>\n\t\t<\/div>\n\t\t\t\t\t<\/div>\n\t\t<\/section>\n\t\t\t\t<\/div>","protected":false},"excerpt":{"rendered":"<p>Renfe PATROCINADOR OFICIAL DESCUENTO EXCLUSIVO PARTICIPANTES https:\/\/www.maratonmartinfiz.com\/wp-content\/uploads\/2024\/03\/Descuento-renfe_maraton_vitoria.mp4#t=1 \u00bfVienes a Vitoria-Gasteiz con RENFE? \u00a1Estamos de suerte! Renfe por ser nuestro tren oficial, Renfe nos deja los billetes con un 10% de descuento. Adem\u00e1s, la estaci\u00f3n de tren de Vitoria-Gasteiz se encuentra en el coraz\u00f3n de la ciudad. \u00a0 PASOS A SEGUIR: Entra en renfe.com Elige tu [&hellip;]<\/p>","protected":false},"author":1,"featured_media":0,"parent":0,"menu_order":0,"comment_status":"closed","ping_status":"closed","template":"","meta":{"om_disable_all_campaigns":false,"_monsterinsights_skip_tracking":false,"_monsterinsights_sitenote_active":false,"_monsterinsights_sitenote_note":"","_monsterinsights_sitenote_category":0,"site-sidebar-layout":"no-sidebar","site-content-layout":"page-builder","ast-site-content-layout":"","site-content-style":"default","site-sidebar-style":"default","ast-global-header-display":"","ast-banner-title-visibility":"","ast-main-header-display":"","ast-hfb-above-header-display":"","ast-hfb-below-header-display":"","ast-hfb-mobile-header-display":"","site-post-title":"disabled","ast-breadcrumbs-content":"","ast-featured-img":"disabled","footer-sml-layout":"","theme-transparent-header-meta":"","adv-header-id-meta":"","stick-header-meta":"","header-above-stick-meta":"","header-main-stick-meta":"","header-below-stick-meta":"","astra-migrate-meta-layouts":"default","ast-page-background-enabled":"default","ast-page-background-meta":{"desktop":{"background-color":"var(--ast-global-color-4)","background-image":"","background-repeat":"repeat","background-position":"center center","background-size":"auto","background-attachment":"scroll","background-type":"","background-media":"","overlay-type":"","overlay-color":"","overlay-opacity":"","overlay-gradient":""},"tablet":{"background-color":"","background-image":"","background-repeat":"repeat","background-position":"center center","background-size":"auto","background-attachment":"scroll","background-type":"","background-media":"","overlay-type":"","overlay-color":"","overlay-opacity":"","overlay-gradient":""},"mobile":{"background-color":"","background-image":"","background-repeat":"repeat","background-position":"center center","background-size":"auto","background-attachment":"scroll","background-type":"","background-media":"","overlay-type":"","overlay-color":"","overlay-opacity":"","overlay-gradient":""}},"ast-content-background-meta":{"desktop":{"background-color":"var(--ast-global-color-5)","background-image":"","background-repeat":"repeat","background-position":"center center","background-size":"auto","background-attachment":"scroll","background-type":"","background-media":"","overlay-type":"","overlay-color":"","overlay-opacity":"","overlay-gradient":""},"tablet":{"background-color":"var(--ast-global-color-5)","background-image":"","background-repeat":"repeat","background-position":"center center","background-size":"auto","background-attachment":"scroll","background-type":"","background-media":"","overlay-type":"","overlay-color":"","overlay-opacity":"","overlay-gradient":""},"mobile":{"background-color":"var(--ast-global-color-5)","background-image":"","background-repeat":"repeat","background-position":"center center","background-size":"auto","background-attachment":"scroll","background-type":"","background-media":"","overlay-type":"","overlay-color":"","overlay-opacity":"","overlay-gradient":""}},"footnotes":""},"class_list":["post-1839","page","type-page","status-publish","hentry"],"yoast_head":"<!-- This site is optimized with the Yoast SEO plugin v27.3 - https:\/\/yoast.com\/product\/yoast-seo-wordpress\/ -->\n<title>Renfe promoci\u00f3n - MARAT\u00d3N MART\u00cdN FIZ<\/title>\n<meta name=\"description\" content=\"Total Energies Vitoria-Gasteiz Marat\u00f3n Martin Fiz 2023. Disfruta de la carrera de running m\u00e1s importante de Vitoria, en la distancia que prefieras.\" \/>\n<meta name=\"robots\" content=\"index, follow, max-snippet:-1, max-image-preview:large, max-video-preview:-1\" \/>\n<link rel=\"canonical\" href=\"https:\/\/www.maratonmartinfiz.com\/eus\/renfe-descuento\/\" \/>\n<meta property=\"og:locale\" content=\"en_US\" \/>\n<meta property=\"og:type\" content=\"article\" \/>\n<meta property=\"og:title\" content=\"Renfe promoci\u00f3n - MARAT\u00d3N MART\u00cdN FIZ\" \/>\n<meta property=\"og:description\" content=\"Total Energies Vitoria-Gasteiz Marat\u00f3n Martin Fiz 2023. Disfruta de la carrera de running m\u00e1s importante de Vitoria, en la distancia que prefieras.\" \/>\n<meta property=\"og:url\" content=\"https:\/\/www.maratonmartinfiz.com\/eus\/renfe-descuento\/\" \/>\n<meta property=\"og:site_name\" content=\"MARAT\u00d3N MART\u00cdN FIZ\" \/>\n<meta property=\"article:modified_time\" content=\"2025-01-16T11:28:57+00:00\" \/>\n<meta property=\"og:image\" content=\"https:\/\/www.maratonmartinfiz.com\/wp-content\/uploads\/2022\/10\/cropped-MMF_Logo-04.jpg\" \/>\n\t<meta property=\"og:image:width\" content=\"512\" \/>\n\t<meta property=\"og:image:height\" content=\"512\" \/>\n\t<meta property=\"og:image:type\" content=\"image\/jpeg\" \/>\n<meta name=\"twitter:card\" content=\"summary_large_image\" \/>\n<meta name=\"twitter:label1\" content=\"Est. reading time\" \/>\n\t<meta name=\"twitter:data1\" content=\"1 minutua\" \/>\n<script type=\"application\/ld+json\" class=\"yoast-schema-graph\">{\"@context\":\"https:\\\/\\\/schema.org\",\"@graph\":[{\"@type\":\"WebPage\",\"@id\":\"https:\\\/\\\/www.maratonmartinfiz.com\\\/renfe-descuento\\\/\",\"url\":\"https:\\\/\\\/www.maratonmartinfiz.com\\\/renfe-descuento\\\/\",\"name\":\"Renfe promoci\u00f3n - MARAT\u00d3N MART\u00cdN FIZ\",\"isPartOf\":{\"@id\":\"https:\\\/\\\/www.maratonmartinfiz.com\\\/#website\"},\"datePublished\":\"2023-03-29T10:21:15+00:00\",\"dateModified\":\"2025-01-16T11:28:57+00:00\",\"description\":\"Total Energies Vitoria-Gasteiz Marat\u00f3n Martin Fiz 2023. Disfruta de la carrera de running m\u00e1s importante de Vitoria, en la distancia que prefieras.\",\"breadcrumb\":{\"@id\":\"https:\\\/\\\/www.maratonmartinfiz.com\\\/renfe-descuento\\\/#breadcrumb\"},\"inLanguage\":\"eu\",\"potentialAction\":[{\"@type\":\"ReadAction\",\"target\":[\"https:\\\/\\\/www.maratonmartinfiz.com\\\/renfe-descuento\\\/\"]}]},{\"@type\":\"BreadcrumbList\",\"@id\":\"https:\\\/\\\/www.maratonmartinfiz.com\\\/renfe-descuento\\\/#breadcrumb\",\"itemListElement\":[{\"@type\":\"ListItem\",\"position\":1,\"name\":\"Portada\",\"item\":\"https:\\\/\\\/www.maratonmartinfiz.com\\\/\"},{\"@type\":\"ListItem\",\"position\":2,\"name\":\"Renfe promoci\u00f3n\"}]},{\"@type\":\"WebSite\",\"@id\":\"https:\\\/\\\/www.maratonmartinfiz.com\\\/#website\",\"url\":\"https:\\\/\\\/www.maratonmartinfiz.com\\\/\",\"name\":\"MARAT\u00d3N MART\u00cdN FIZ\",\"description\":\"Elproex Marat\u00f3n Mart\u00edn Fiz Vitoria-Gasteiz\",\"publisher\":{\"@id\":\"https:\\\/\\\/www.maratonmartinfiz.com\\\/#organization\"},\"potentialAction\":[{\"@type\":\"SearchAction\",\"target\":{\"@type\":\"EntryPoint\",\"urlTemplate\":\"https:\\\/\\\/www.maratonmartinfiz.com\\\/?s={search_term_string}\"},\"query-input\":{\"@type\":\"PropertyValueSpecification\",\"valueRequired\":true,\"valueName\":\"search_term_string\"}}],\"inLanguage\":\"eu\"},{\"@type\":\"Organization\",\"@id\":\"https:\\\/\\\/www.maratonmartinfiz.com\\\/#organization\",\"name\":\"MARAT\u00d3N MART\u00cdN FIZ\",\"url\":\"https:\\\/\\\/www.maratonmartinfiz.com\\\/\",\"logo\":{\"@type\":\"ImageObject\",\"inLanguage\":\"eu\",\"@id\":\"https:\\\/\\\/www.maratonmartinfiz.com\\\/#\\\/schema\\\/logo\\\/image\\\/\",\"url\":\"https:\\\/\\\/www.maratonmartinfiz.com\\\/wp-content\\\/uploads\\\/2022\\\/10\\\/cropped-cropped-8.png\",\"contentUrl\":\"https:\\\/\\\/www.maratonmartinfiz.com\\\/wp-content\\\/uploads\\\/2022\\\/10\\\/cropped-cropped-8.png\",\"width\":512,\"height\":276,\"caption\":\"MARAT\u00d3N MART\u00cdN FIZ\"},\"image\":{\"@id\":\"https:\\\/\\\/www.maratonmartinfiz.com\\\/#\\\/schema\\\/logo\\\/image\\\/\"}}]}<\/script>\n<!-- \/ Yoast SEO plugin. -->","yoast_head_json":{"title":"Renfe promoci\u00f3n - MARAT\u00d3N MART\u00cdN FIZ","description":"Total Energies Vitoria-Gasteiz Marat\u00f3n Martin Fiz 2023. Disfruta de la carrera de running m\u00e1s importante de Vitoria, en la distancia que prefieras.","robots":{"index":"index","follow":"follow","max-snippet":"max-snippet:-1","max-image-preview":"max-image-preview:large","max-video-preview":"max-video-preview:-1"},"canonical":"https:\/\/www.maratonmartinfiz.com\/eus\/renfe-descuento\/","og_locale":"en_US","og_type":"article","og_title":"Renfe promoci\u00f3n - MARAT\u00d3N MART\u00cdN FIZ","og_description":"Total Energies Vitoria-Gasteiz Marat\u00f3n Martin Fiz 2023. Disfruta de la carrera de running m\u00e1s importante de Vitoria, en la distancia que prefieras.","og_url":"https:\/\/www.maratonmartinfiz.com\/eus\/renfe-descuento\/","og_site_name":"MARAT\u00d3N MART\u00cdN FIZ","article_modified_time":"2025-01-16T11:28:57+00:00","og_image":[{"width":512,"height":512,"url":"https:\/\/www.maratonmartinfiz.com\/wp-content\/uploads\/2022\/10\/cropped-MMF_Logo-04.jpg","type":"image\/jpeg"}],"twitter_card":"summary_large_image","twitter_misc":{"Est. reading time":"1 minutua"},"schema":{"@context":"https:\/\/schema.org","@graph":[{"@type":"WebPage","@id":"https:\/\/www.maratonmartinfiz.com\/renfe-descuento\/","url":"https:\/\/www.maratonmartinfiz.com\/renfe-descuento\/","name":"Renfe promoci\u00f3n - MARAT\u00d3N MART\u00cdN FIZ","isPartOf":{"@id":"https:\/\/www.maratonmartinfiz.com\/#website"},"datePublished":"2023-03-29T10:21:15+00:00","dateModified":"2025-01-16T11:28:57+00:00","description":"Total Energies Vitoria-Gasteiz Marat\u00f3n Martin Fiz 2023. Disfruta de la carrera de running m\u00e1s importante de Vitoria, en la distancia que prefieras.","breadcrumb":{"@id":"https:\/\/www.maratonmartinfiz.com\/renfe-descuento\/#breadcrumb"},"inLanguage":"eu","potentialAction":[{"@type":"ReadAction","target":["https:\/\/www.maratonmartinfiz.com\/renfe-descuento\/"]}]},{"@type":"BreadcrumbList","@id":"https:\/\/www.maratonmartinfiz.com\/renfe-descuento\/#breadcrumb","itemListElement":[{"@type":"ListItem","position":1,"name":"Portada","item":"https:\/\/www.maratonmartinfiz.com\/"},{"@type":"ListItem","position":2,"name":"Renfe promoci\u00f3n"}]},{"@type":"WebSite","@id":"https:\/\/www.maratonmartinfiz.com\/#website","url":"https:\/\/www.maratonmartinfiz.com\/","name":"MARAT\u00d3N MART\u00cdN FIZ","description":"Elproex Marat\u00f3n Mart\u00edn Fiz Vitoria-Gasteiz","publisher":{"@id":"https:\/\/www.maratonmartinfiz.com\/#organization"},"potentialAction":[{"@type":"SearchAction","target":{"@type":"EntryPoint","urlTemplate":"https:\/\/www.maratonmartinfiz.com\/?s={search_term_string}"},"query-input":{"@type":"PropertyValueSpecification","valueRequired":true,"valueName":"search_term_string"}}],"inLanguage":"eu"},{"@type":"Organization","@id":"https:\/\/www.maratonmartinfiz.com\/#organization","name":"MARAT\u00d3N MART\u00cdN FIZ","url":"https:\/\/www.maratonmartinfiz.com\/","logo":{"@type":"ImageObject","inLanguage":"eu","@id":"https:\/\/www.maratonmartinfiz.com\/#\/schema\/logo\/image\/","url":"https:\/\/www.maratonmartinfiz.com\/wp-content\/uploads\/2022\/10\/cropped-cropped-8.png","contentUrl":"https:\/\/www.maratonmartinfiz.com\/wp-content\/uploads\/2022\/10\/cropped-cropped-8.png","width":512,"height":276,"caption":"MARAT\u00d3N MART\u00cdN FIZ"},"image":{"@id":"https:\/\/www.maratonmartinfiz.com\/#\/schema\/logo\/image\/"}}]}},"_links":{"self":[{"href":"https:\/\/www.maratonmartinfiz.com\/eus\/wp-json\/wp\/v2\/pages\/1839","targetHints":{"allow":["GET"]}}],"collection":[{"href":"https:\/\/www.maratonmartinfiz.com\/eus\/wp-json\/wp\/v2\/pages"}],"about":[{"href":"https:\/\/www.maratonmartinfiz.com\/eus\/wp-json\/wp\/v2\/types\/page"}],"author":[{"embeddable":true,"href":"https:\/\/www.maratonmartinfiz.com\/eus\/wp-json\/wp\/v2\/users\/1"}],"replies":[{"embeddable":true,"href":"https:\/\/www.maratonmartinfiz.com\/eus\/wp-json\/wp\/v2\/comments?post=1839"}],"version-history":[{"count":29,"href":"https:\/\/www.maratonmartinfiz.com\/eus\/wp-json\/wp\/v2\/pages\/1839\/revisions"}],"predecessor-version":[{"id":3249,"href":"https:\/\/www.maratonmartinfiz.com\/eus\/wp-json\/wp\/v2\/pages\/1839\/revisions\/3249"}],"wp:attachment":[{"href":"https:\/\/www.maratonmartinfiz.com\/eus\/wp-json\/wp\/v2\/media?parent=1839"}],"curies":[{"name":"wp","href":"https:\/\/api.w.org\/{rel}","templated":true}]}}