{"id":300,"date":"2022-10-25T11:41:23","date_gmt":"2022-10-25T11:41:23","guid":{"rendered":"https:\/\/www.maratonmartinfiz.com\/?page_id=300"},"modified":"2026-03-03T13:04:18","modified_gmt":"2026-03-03T13:04:18","slug":"circuito-21k","status":"publish","type":"page","link":"https:\/\/www.maratonmartinfiz.com\/en\/circuito-21k\/","title":{"rendered":"Media Marat\u00f3n &#8211; 21k"},"content":{"rendered":"<div data-elementor-type=\"wp-page\" data-elementor-id=\"300\" class=\"elementor elementor-300\" data-elementor-settings=\"{&quot;ha_cmc_init_switcher&quot;:&quot;no&quot;}\">\n\t\t\t\t\t\t<section class=\"elementor-section elementor-top-section elementor-element elementor-element-1bab472f elementor-section-height-min-height elementor-section-boxed elementor-section-height-default elementor-section-items-middle\" data-id=\"1bab472f\" data-element_type=\"section\" data-settings=\"{&quot;background_background&quot;:&quot;classic&quot;,&quot;_ha_eqh_enable&quot;:false}\">\n\t\t\t\t\t\t\t<div class=\"elementor-background-overlay\"><\/div>\n\t\t\t\t\t\t\t<div class=\"elementor-container elementor-column-gap-extended\">\n\t\t\t\t\t<div class=\"elementor-column elementor-col-100 elementor-top-column elementor-element elementor-element-a834451\" data-id=\"a834451\" data-element_type=\"column\">\n\t\t\t<div class=\"elementor-widget-wrap elementor-element-populated\">\n\t\t\t\t\t\t<div class=\"elementor-element elementor-element-aaeeda1 elementor-widget elementor-widget-heading\" data-id=\"aaeeda1\" data-element_type=\"widget\" data-widget_type=\"heading.default\">\n\t\t\t\t<div class=\"elementor-widget-container\">\n\t\t\t\t\t<h2 class=\"elementor-heading-title elementor-size-default\">21K - Un circuito llano y r\u00e1pido<\/h2>\t\t\t\t<\/div>\n\t\t\t\t<\/div>\n\t\t\t\t<div class=\"elementor-element elementor-element-5d21993 elementor-widget elementor-widget-heading\" data-id=\"5d21993\" data-element_type=\"widget\" data-widget_type=\"heading.default\">\n\t\t\t\t<div class=\"elementor-widget-container\">\n\t\t\t\t\t<h2 class=\"elementor-heading-title elementor-size-default\">SALIDA: Paseo de Cervantes a las 8:30h\n\u200b<\/h2>\t\t\t\t<\/div>\n\t\t\t\t<\/div>\n\t\t\t\t<div class=\"elementor-element elementor-element-e0609ca elementor-align-center elementor-mobile-align-center elementor-widget elementor-widget-button\" data-id=\"e0609ca\" data-element_type=\"widget\" data-widget_type=\"button.default\">\n\t\t\t\t<div class=\"elementor-widget-container\">\n\t\t\t\t\t\t\t\t\t<div class=\"elementor-button-wrapper\">\n\t\t\t\t\t<a class=\"elementor-button elementor-button-link elementor-size-sm\" href=\"https:\/\/eventos.ascentium.org\/eventos\/79\/totalenergies-vitoria-gasteiz-maraton-martin-fiz-2026\/#tab_21k\">\n\t\t\t\t\t\t<span class=\"elementor-button-content-wrapper\">\n\t\t\t\t\t\t\t\t\t<span class=\"elementor-button-text\">REGISTER<\/span>\n\t\t\t\t\t<\/span>\n\t\t\t\t\t<\/a>\n\t\t\t\t<\/div>\n\t\t\t\t\t\t\t\t<\/div>\n\t\t\t\t<\/div>\n\t\t\t\t\t<\/div>\n\t\t<\/div>\n\t\t\t\t\t<\/div>\n\t\t<\/section>\n\t\t\t\t<section class=\"elementor-section elementor-top-section elementor-element elementor-element-6ae3f5d elementor-section-boxed elementor-section-height-default elementor-section-height-default\" data-id=\"6ae3f5d\" data-element_type=\"section\" data-settings=\"{&quot;_ha_eqh_enable&quot;:false}\">\n\t\t\t\t\t\t<div class=\"elementor-container elementor-column-gap-default\">\n\t\t\t\t\t<div class=\"elementor-column elementor-col-100 elementor-top-column elementor-element elementor-element-31b3bba\" data-id=\"31b3bba\" data-element_type=\"column\">\n\t\t\t<div class=\"elementor-widget-wrap elementor-element-populated\">\n\t\t\t\t\t\t<div class=\"elementor-element elementor-element-7a0c450 elementor-widget elementor-widget-html\" data-id=\"7a0c450\" data-element_type=\"widget\" data-widget_type=\"html.default\">\n\t\t\t\t<div class=\"elementor-widget-container\">\n\t\t\t\t\t<div class=\"strava-embed-placeholder\" data-embed-type=\"route\" data-embed-id=\"3350454663900250108\" data-full-width=\"true\" data-style=\"standard\" data-map-hash=\"11.63\/42.856\/-2.6807\" data-from-embed=\"false\"><\/div><script src=\"https:\/\/strava-embeds.com\/embed.js\"><\/script>\t\t\t\t<\/div>\n\t\t\t\t<\/div>\n\t\t\t\t\t<\/div>\n\t\t<\/div>\n\t\t\t\t\t<\/div>\n\t\t<\/section>\n\t\t\t\t<section class=\"elementor-section elementor-top-section elementor-element elementor-element-65e73cb elementor-section-full_width elementor-section-height-default elementor-section-height-default\" data-id=\"65e73cb\" data-element_type=\"section\" data-settings=\"{&quot;background_background&quot;:&quot;classic&quot;,&quot;_ha_eqh_enable&quot;:false}\">\n\t\t\t\t\t\t\t<div class=\"elementor-background-overlay\"><\/div>\n\t\t\t\t\t\t\t<div class=\"elementor-container elementor-column-gap-no\">\n\t\t\t\t\t<div class=\"elementor-column elementor-col-25 elementor-top-column elementor-element elementor-element-045257c\" data-id=\"045257c\" data-element_type=\"column\" data-settings=\"{&quot;background_background&quot;:&quot;classic&quot;}\">\n\t\t\t<div class=\"elementor-widget-wrap elementor-element-populated\">\n\t\t\t\t\t\t<div class=\"elementor-element elementor-element-f757b19 elementor-widget elementor-widget-heading\" data-id=\"f757b19\" data-element_type=\"widget\" data-widget_type=\"heading.default\">\n\t\t\t\t<div class=\"elementor-widget-container\">\n\t\t\t\t\t<h2 class=\"elementor-heading-title elementor-size-default\">NO MATTER WHAT YOU RUN... \n<\/h2>\t\t\t\t<\/div>\n\t\t\t\t<\/div>\n\t\t\t\t<div class=\"elementor-element elementor-element-fc55746 elementor-widget elementor-widget-heading\" data-id=\"fc55746\" data-element_type=\"widget\" data-widget_type=\"heading.default\">\n\t\t\t\t<div class=\"elementor-widget-container\">\n\t\t\t\t\t<h2 class=\"elementor-heading-title elementor-size-default\">WE HAVE A DISTANCE FOR YOU!<\/h2>\t\t\t\t<\/div>\n\t\t\t\t<\/div>\n\t\t\t\t<div class=\"elementor-element elementor-element-3005a05 elementor-widget elementor-widget-image\" data-id=\"3005a05\" data-element_type=\"widget\" data-widget_type=\"image.default\">\n\t\t\t\t<div class=\"elementor-widget-container\">\n\t\t\t\t\t\t\t\t\t\t\t\t\t\t\t<img fetchpriority=\"high\" decoding=\"async\" width=\"1000\" height=\"1000\" src=\"https:\/\/www.maratonmartinfiz.com\/wp-content\/uploads\/2022\/10\/4.png\" class=\"attachment-full size-full wp-image-3986\" alt=\"\" srcset=\"https:\/\/www.maratonmartinfiz.com\/wp-content\/uploads\/2022\/10\/4.png 1000w, https:\/\/www.maratonmartinfiz.com\/wp-content\/uploads\/2022\/10\/4-300x300.png 300w, https:\/\/www.maratonmartinfiz.com\/wp-content\/uploads\/2022\/10\/4-150x150.png 150w, https:\/\/www.maratonmartinfiz.com\/wp-content\/uploads\/2022\/10\/4-768x768.png 768w, https:\/\/www.maratonmartinfiz.com\/wp-content\/uploads\/2022\/10\/4-12x12.png 12w\" sizes=\"(max-width: 1000px) 100vw, 1000px\" \/>\t\t\t\t\t\t\t\t\t\t\t\t\t\t\t<\/div>\n\t\t\t\t<\/div>\n\t\t\t\t\t<\/div>\n\t\t<\/div>\n\t\t\t\t<div data-ha-element-link=\"{&quot;url&quot;:&quot;\\\/circuito-42k&quot;,&quot;is_external&quot;:&quot;&quot;,&quot;nofollow&quot;:&quot;&quot;}\" style=\"cursor: pointer\" class=\"elementor-column elementor-col-25 elementor-top-column elementor-element elementor-element-1a7b9ef\" data-id=\"1a7b9ef\" data-element_type=\"column\" data-settings=\"{&quot;background_background&quot;:&quot;classic&quot;,&quot;animation_mobile&quot;:&quot;zoomIn&quot;}\">\n\t\t\t<div class=\"elementor-widget-wrap elementor-element-populated\">\n\t\t\t\t\t<div class=\"elementor-background-overlay\"><\/div>\n\t\t\t\t\t\t<div class=\"elementor-element elementor-element-061acda elementor-widget elementor-widget-heading\" data-id=\"061acda\" data-element_type=\"widget\" data-widget_type=\"heading.default\">\n\t\t\t\t<div class=\"elementor-widget-container\">\n\t\t\t\t\t<h2 class=\"elementor-heading-title elementor-size-default\">DISTANCE<\/h2>\t\t\t\t<\/div>\n\t\t\t\t<\/div>\n\t\t\t\t<div class=\"elementor-element elementor-element-5eb792b elementor-widget elementor-widget-heading\" data-id=\"5eb792b\" data-element_type=\"widget\" data-widget_type=\"heading.default\">\n\t\t\t\t<div class=\"elementor-widget-container\">\n\t\t\t\t\t<h2 class=\"elementor-heading-title elementor-size-default\">42K<\/h2>\t\t\t\t<\/div>\n\t\t\t\t<\/div>\n\t\t\t\t<div class=\"elementor-element elementor-element-4a37808 elementor-widget elementor-widget-button\" data-id=\"4a37808\" data-element_type=\"widget\" data-widget_type=\"button.default\">\n\t\t\t\t<div class=\"elementor-widget-container\">\n\t\t\t\t\t\t\t\t\t<div class=\"elementor-button-wrapper\">\n\t\t\t\t\t<a class=\"elementor-button elementor-button-link elementor-size-sm\" href=\"\/en\/circuito-42k\/\">\n\t\t\t\t\t\t<span class=\"elementor-button-content-wrapper\">\n\t\t\t\t\t\t\t\t\t<span class=\"elementor-button-text\">Ver Circuito<\/span>\n\t\t\t\t\t<\/span>\n\t\t\t\t\t<\/a>\n\t\t\t\t<\/div>\n\t\t\t\t\t\t\t\t<\/div>\n\t\t\t\t<\/div>\n\t\t\t\t\t<\/div>\n\t\t<\/div>\n\t\t\t\t<div data-ha-element-link=\"{&quot;url&quot;:&quot;\\\/circuito-10k&quot;,&quot;is_external&quot;:&quot;&quot;,&quot;nofollow&quot;:&quot;&quot;}\" style=\"cursor: pointer\" class=\"elementor-column elementor-col-25 elementor-top-column elementor-element elementor-element-1239734\" data-id=\"1239734\" data-element_type=\"column\" data-settings=\"{&quot;background_background&quot;:&quot;classic&quot;,&quot;animation_mobile&quot;:&quot;zoomIn&quot;}\">\n\t\t\t<div class=\"elementor-widget-wrap elementor-element-populated\">\n\t\t\t\t\t<div class=\"elementor-background-overlay\"><\/div>\n\t\t\t\t\t\t<div class=\"elementor-element elementor-element-77d880e elementor-widget elementor-widget-heading\" data-id=\"77d880e\" data-element_type=\"widget\" data-widget_type=\"heading.default\">\n\t\t\t\t<div class=\"elementor-widget-container\">\n\t\t\t\t\t<h2 class=\"elementor-heading-title elementor-size-default\">DISTANCE<\/h2>\t\t\t\t<\/div>\n\t\t\t\t<\/div>\n\t\t\t\t<div class=\"elementor-element elementor-element-ca1fa4f elementor-widget elementor-widget-heading\" data-id=\"ca1fa4f\" data-element_type=\"widget\" data-widget_type=\"heading.default\">\n\t\t\t\t<div class=\"elementor-widget-container\">\n\t\t\t\t\t<h2 class=\"elementor-heading-title elementor-size-default\">10K<\/h2>\t\t\t\t<\/div>\n\t\t\t\t<\/div>\n\t\t\t\t<div class=\"elementor-element elementor-element-6564216 elementor-widget elementor-widget-button\" data-id=\"6564216\" data-element_type=\"widget\" data-widget_type=\"button.default\">\n\t\t\t\t<div class=\"elementor-widget-container\">\n\t\t\t\t\t\t\t\t\t<div class=\"elementor-button-wrapper\">\n\t\t\t\t\t<a class=\"elementor-button elementor-button-link elementor-size-sm\" href=\"\/en\/circuito-10k\/\">\n\t\t\t\t\t\t<span class=\"elementor-button-content-wrapper\">\n\t\t\t\t\t\t\t\t\t<span class=\"elementor-button-text\">Ver Circuito<\/span>\n\t\t\t\t\t<\/span>\n\t\t\t\t\t<\/a>\n\t\t\t\t<\/div>\n\t\t\t\t\t\t\t\t<\/div>\n\t\t\t\t<\/div>\n\t\t\t\t\t<\/div>\n\t\t<\/div>\n\t\t\t\t<div data-ha-element-link=\"{&quot;url&quot;:&quot;\\\/circuito-10k&quot;,&quot;is_external&quot;:&quot;&quot;,&quot;nofollow&quot;:&quot;&quot;}\" style=\"cursor: pointer\" class=\"elementor-column elementor-col-25 elementor-top-column elementor-element elementor-element-734ad45\" data-id=\"734ad45\" data-element_type=\"column\" data-settings=\"{&quot;background_background&quot;:&quot;classic&quot;,&quot;animation_mobile&quot;:&quot;zoomIn&quot;}\">\n\t\t\t<div class=\"elementor-widget-wrap elementor-element-populated\">\n\t\t\t\t\t<div class=\"elementor-background-overlay\"><\/div>\n\t\t\t\t\t\t<div class=\"elementor-element elementor-element-80d3f4d elementor-widget elementor-widget-heading\" data-id=\"80d3f4d\" data-element_type=\"widget\" data-widget_type=\"heading.default\">\n\t\t\t\t<div class=\"elementor-widget-container\">\n\t\t\t\t\t<h2 class=\"elementor-heading-title elementor-size-default\">DISTANCE<\/h2>\t\t\t\t<\/div>\n\t\t\t\t<\/div>\n\t\t\t\t<div class=\"elementor-element elementor-element-e1dfd65 elementor-widget elementor-widget-heading\" data-id=\"e1dfd65\" data-element_type=\"widget\" data-widget_type=\"heading.default\">\n\t\t\t\t<div class=\"elementor-widget-container\">\n\t\t\t\t\t<h2 class=\"elementor-heading-title elementor-size-default\">5K<\/h2>\t\t\t\t<\/div>\n\t\t\t\t<\/div>\n\t\t\t\t<div class=\"elementor-element elementor-element-360b357 elementor-widget elementor-widget-button\" data-id=\"360b357\" data-element_type=\"widget\" data-widget_type=\"button.default\">\n\t\t\t\t<div class=\"elementor-widget-container\">\n\t\t\t\t\t\t\t\t\t<div class=\"elementor-button-wrapper\">\n\t\t\t\t\t<a class=\"elementor-button elementor-button-link elementor-size-sm\" href=\"https:\/\/www.maratonmartinfiz.com\/en\/5k\/\">\n\t\t\t\t\t\t<span class=\"elementor-button-content-wrapper\">\n\t\t\t\t\t\t\t\t\t<span class=\"elementor-button-text\">Ver Circuito<\/span>\n\t\t\t\t\t<\/span>\n\t\t\t\t\t<\/a>\n\t\t\t\t<\/div>\n\t\t\t\t\t\t\t\t<\/div>\n\t\t\t\t<\/div>\n\t\t\t\t\t<\/div>\n\t\t<\/div>\n\t\t\t\t\t<\/div>\n\t\t<\/section>\n\t\t\t\t<\/div>","protected":false},"excerpt":{"rendered":"<p>21K &#8211; Un circuito llano y r\u00e1pido SALIDA: Paseo de Cervantes a las 8:30h \u200b INSCRIBIRME CORRAS LO QUE CORRAS&#8230; \u00a1TENEMOS UNA DISTANCIA PARA TI! DISTANCIA 42K Ver Circuito DISTANCIA 10K Ver Circuito DISTANCIA 5K Ver Circuito<\/p>","protected":false},"author":1,"featured_media":0,"parent":0,"menu_order":0,"comment_status":"closed","ping_status":"closed","template":"","meta":{"om_disable_all_campaigns":false,"_monsterinsights_skip_tracking":false,"_monsterinsights_sitenote_active":false,"_monsterinsights_sitenote_note":"","_monsterinsights_sitenote_category":0,"site-sidebar-layout":"no-sidebar","site-content-layout":"page-builder","ast-site-content-layout":"","site-content-style":"default","site-sidebar-style":"default","ast-global-header-display":"","ast-banner-title-visibility":"","ast-main-header-display":"","ast-hfb-above-header-display":"","ast-hfb-below-header-display":"","ast-hfb-mobile-header-display":"","site-post-title":"disabled","ast-breadcrumbs-content":"","ast-featured-img":"disabled","footer-sml-layout":"","theme-transparent-header-meta":"","adv-header-id-meta":"","stick-header-meta":"","header-above-stick-meta":"","header-main-stick-meta":"","header-below-stick-meta":"","astra-migrate-meta-layouts":"default","ast-page-background-enabled":"default","ast-page-background-meta":{"desktop":{"background-color":"var(--ast-global-color-4)","background-image":"","background-repeat":"repeat","background-position":"center center","background-size":"auto","background-attachment":"scroll","background-type":"","background-media":"","overlay-type":"","overlay-color":"","overlay-opacity":"","overlay-gradient":""},"tablet":{"background-color":"","background-image":"","background-repeat":"repeat","background-position":"center center","background-size":"auto","background-attachment":"scroll","background-type":"","background-media":"","overlay-type":"","overlay-color":"","overlay-opacity":"","overlay-gradient":""},"mobile":{"background-color":"","background-image":"","background-repeat":"repeat","background-position":"center center","background-size":"auto","background-attachment":"scroll","background-type":"","background-media":"","overlay-type":"","overlay-color":"","overlay-opacity":"","overlay-gradient":""}},"ast-content-background-meta":{"desktop":{"background-color":"var(--ast-global-color-5)","background-image":"","background-repeat":"repeat","background-position":"center center","background-size":"auto","background-attachment":"scroll","background-type":"","background-media":"","overlay-type":"","overlay-color":"","overlay-opacity":"","overlay-gradient":""},"tablet":{"background-color":"var(--ast-global-color-5)","background-image":"","background-repeat":"repeat","background-position":"center center","background-size":"auto","background-attachment":"scroll","background-type":"","background-media":"","overlay-type":"","overlay-color":"","overlay-opacity":"","overlay-gradient":""},"mobile":{"background-color":"var(--ast-global-color-5)","background-image":"","background-repeat":"repeat","background-position":"center center","background-size":"auto","background-attachment":"scroll","background-type":"","background-media":"","overlay-type":"","overlay-color":"","overlay-opacity":"","overlay-gradient":""}},"footnotes":""},"class_list":["post-300","page","type-page","status-publish","hentry"],"yoast_head":"<!-- This site is optimized with the Yoast SEO plugin v27.5 - https:\/\/yoast.com\/product\/yoast-seo-wordpress\/ -->\n<title>Media Marat\u00f3n - 21k - MARAT\u00d3N MART\u00cdN FIZ<\/title>\n<meta name=\"description\" content=\"Total Energies Vitoria-Gasteiz Marat\u00f3n Martin Fiz 2023. Disfruta de la carrera de running m\u00e1s importante de Vitoria, en la distancia que prefieras.\" \/>\n<meta name=\"robots\" content=\"index, follow, max-snippet:-1, max-image-preview:large, max-video-preview:-1\" \/>\n<link rel=\"canonical\" href=\"https:\/\/www.maratonmartinfiz.com\/en\/circuito-21k\/\" \/>\n<meta property=\"og:locale\" content=\"en_GB\" \/>\n<meta property=\"og:type\" content=\"article\" \/>\n<meta property=\"og:title\" content=\"Media Marat\u00f3n - 21k - MARAT\u00d3N MART\u00cdN FIZ\" \/>\n<meta property=\"og:description\" content=\"Total Energies Vitoria-Gasteiz Marat\u00f3n Martin Fiz 2023. Disfruta de la carrera de running m\u00e1s importante de Vitoria, en la distancia que prefieras.\" \/>\n<meta property=\"og:url\" content=\"https:\/\/www.maratonmartinfiz.com\/en\/circuito-21k\/\" \/>\n<meta property=\"og:site_name\" content=\"MARAT\u00d3N MART\u00cdN FIZ\" \/>\n<meta property=\"article:modified_time\" content=\"2026-03-03T13:04:18+00:00\" \/>\n<meta property=\"og:image\" content=\"https:\/\/www.maratonmartinfiz.com\/wp-content\/uploads\/2022\/10\/4.png\" \/>\n\t<meta property=\"og:image:width\" content=\"1000\" \/>\n\t<meta property=\"og:image:height\" content=\"1000\" \/>\n\t<meta property=\"og:image:type\" content=\"image\/png\" \/>\n<meta name=\"twitter:card\" content=\"summary_large_image\" \/>\n<meta name=\"twitter:label1\" content=\"Estimated reading time\" \/>\n\t<meta name=\"twitter:data1\" content=\"1 minute\" \/>\n<script type=\"application\/ld+json\" class=\"yoast-schema-graph\">{\"@context\":\"https:\\\/\\\/schema.org\",\"@graph\":[{\"@type\":\"WebPage\",\"@id\":\"https:\\\/\\\/www.maratonmartinfiz.com\\\/circuito-21k\\\/\",\"url\":\"https:\\\/\\\/www.maratonmartinfiz.com\\\/circuito-21k\\\/\",\"name\":\"Media Marat\u00f3n - 21k - MARAT\u00d3N MART\u00cdN FIZ\",\"isPartOf\":{\"@id\":\"https:\\\/\\\/www.maratonmartinfiz.com\\\/#website\"},\"primaryImageOfPage\":{\"@id\":\"https:\\\/\\\/www.maratonmartinfiz.com\\\/circuito-21k\\\/#primaryimage\"},\"image\":{\"@id\":\"https:\\\/\\\/www.maratonmartinfiz.com\\\/circuito-21k\\\/#primaryimage\"},\"thumbnailUrl\":\"https:\\\/\\\/www.maratonmartinfiz.com\\\/wp-content\\\/uploads\\\/2022\\\/10\\\/4.png\",\"datePublished\":\"2022-10-25T11:41:23+00:00\",\"dateModified\":\"2026-03-03T13:04:18+00:00\",\"description\":\"Total Energies Vitoria-Gasteiz Marat\u00f3n Martin Fiz 2023. Disfruta de la carrera de running m\u00e1s importante de Vitoria, en la distancia que prefieras.\",\"breadcrumb\":{\"@id\":\"https:\\\/\\\/www.maratonmartinfiz.com\\\/circuito-21k\\\/#breadcrumb\"},\"inLanguage\":\"en-GB\",\"potentialAction\":[{\"@type\":\"ReadAction\",\"target\":[\"https:\\\/\\\/www.maratonmartinfiz.com\\\/circuito-21k\\\/\"]}]},{\"@type\":\"ImageObject\",\"inLanguage\":\"en-GB\",\"@id\":\"https:\\\/\\\/www.maratonmartinfiz.com\\\/circuito-21k\\\/#primaryimage\",\"url\":\"https:\\\/\\\/www.maratonmartinfiz.com\\\/wp-content\\\/uploads\\\/2022\\\/10\\\/4.png\",\"contentUrl\":\"https:\\\/\\\/www.maratonmartinfiz.com\\\/wp-content\\\/uploads\\\/2022\\\/10\\\/4.png\"},{\"@type\":\"BreadcrumbList\",\"@id\":\"https:\\\/\\\/www.maratonmartinfiz.com\\\/circuito-21k\\\/#breadcrumb\",\"itemListElement\":[{\"@type\":\"ListItem\",\"position\":1,\"name\":\"Portada\",\"item\":\"https:\\\/\\\/www.maratonmartinfiz.com\\\/\"},{\"@type\":\"ListItem\",\"position\":2,\"name\":\"Media Marat\u00f3n &#8211; 21k\"}]},{\"@type\":\"WebSite\",\"@id\":\"https:\\\/\\\/www.maratonmartinfiz.com\\\/#website\",\"url\":\"https:\\\/\\\/www.maratonmartinfiz.com\\\/\",\"name\":\"MARAT\u00d3N MART\u00cdN FIZ\",\"description\":\"Elproex Marat\u00f3n Mart\u00edn Fiz Vitoria-Gasteiz\",\"publisher\":{\"@id\":\"https:\\\/\\\/www.maratonmartinfiz.com\\\/#organization\"},\"potentialAction\":[{\"@type\":\"SearchAction\",\"target\":{\"@type\":\"EntryPoint\",\"urlTemplate\":\"https:\\\/\\\/www.maratonmartinfiz.com\\\/?s={search_term_string}\"},\"query-input\":{\"@type\":\"PropertyValueSpecification\",\"valueRequired\":true,\"valueName\":\"search_term_string\"}}],\"inLanguage\":\"en-GB\"},{\"@type\":\"Organization\",\"@id\":\"https:\\\/\\\/www.maratonmartinfiz.com\\\/#organization\",\"name\":\"MARAT\u00d3N MART\u00cdN FIZ\",\"url\":\"https:\\\/\\\/www.maratonmartinfiz.com\\\/\",\"logo\":{\"@type\":\"ImageObject\",\"inLanguage\":\"en-GB\",\"@id\":\"https:\\\/\\\/www.maratonmartinfiz.com\\\/#\\\/schema\\\/logo\\\/image\\\/\",\"url\":\"https:\\\/\\\/www.maratonmartinfiz.com\\\/wp-content\\\/uploads\\\/2022\\\/10\\\/cropped-cropped-8.png\",\"contentUrl\":\"https:\\\/\\\/www.maratonmartinfiz.com\\\/wp-content\\\/uploads\\\/2022\\\/10\\\/cropped-cropped-8.png\",\"width\":512,\"height\":276,\"caption\":\"MARAT\u00d3N MART\u00cdN FIZ\"},\"image\":{\"@id\":\"https:\\\/\\\/www.maratonmartinfiz.com\\\/#\\\/schema\\\/logo\\\/image\\\/\"}}]}<\/script>\n<!-- \/ Yoast SEO plugin. -->","yoast_head_json":{"title":"Media Marat\u00f3n - 21k - MARAT\u00d3N MART\u00cdN FIZ","description":"Total Energies Vitoria-Gasteiz Marat\u00f3n Martin Fiz 2023. Disfruta de la carrera de running m\u00e1s importante de Vitoria, en la distancia que prefieras.","robots":{"index":"index","follow":"follow","max-snippet":"max-snippet:-1","max-image-preview":"max-image-preview:large","max-video-preview":"max-video-preview:-1"},"canonical":"https:\/\/www.maratonmartinfiz.com\/en\/circuito-21k\/","og_locale":"en_GB","og_type":"article","og_title":"Media Marat\u00f3n - 21k - MARAT\u00d3N MART\u00cdN FIZ","og_description":"Total Energies Vitoria-Gasteiz Marat\u00f3n Martin Fiz 2023. Disfruta de la carrera de running m\u00e1s importante de Vitoria, en la distancia que prefieras.","og_url":"https:\/\/www.maratonmartinfiz.com\/en\/circuito-21k\/","og_site_name":"MARAT\u00d3N MART\u00cdN FIZ","article_modified_time":"2026-03-03T13:04:18+00:00","og_image":[{"width":1000,"height":1000,"url":"https:\/\/www.maratonmartinfiz.com\/wp-content\/uploads\/2022\/10\/4.png","type":"image\/png"}],"twitter_card":"summary_large_image","twitter_misc":{"Estimated reading time":"1 minute"},"schema":{"@context":"https:\/\/schema.org","@graph":[{"@type":"WebPage","@id":"https:\/\/www.maratonmartinfiz.com\/circuito-21k\/","url":"https:\/\/www.maratonmartinfiz.com\/circuito-21k\/","name":"Media Marat\u00f3n - 21k - MARAT\u00d3N MART\u00cdN FIZ","isPartOf":{"@id":"https:\/\/www.maratonmartinfiz.com\/#website"},"primaryImageOfPage":{"@id":"https:\/\/www.maratonmartinfiz.com\/circuito-21k\/#primaryimage"},"image":{"@id":"https:\/\/www.maratonmartinfiz.com\/circuito-21k\/#primaryimage"},"thumbnailUrl":"https:\/\/www.maratonmartinfiz.com\/wp-content\/uploads\/2022\/10\/4.png","datePublished":"2022-10-25T11:41:23+00:00","dateModified":"2026-03-03T13:04:18+00:00","description":"Total Energies Vitoria-Gasteiz Marat\u00f3n Martin Fiz 2023. Disfruta de la carrera de running m\u00e1s importante de Vitoria, en la distancia que prefieras.","breadcrumb":{"@id":"https:\/\/www.maratonmartinfiz.com\/circuito-21k\/#breadcrumb"},"inLanguage":"en-GB","potentialAction":[{"@type":"ReadAction","target":["https:\/\/www.maratonmartinfiz.com\/circuito-21k\/"]}]},{"@type":"ImageObject","inLanguage":"en-GB","@id":"https:\/\/www.maratonmartinfiz.com\/circuito-21k\/#primaryimage","url":"https:\/\/www.maratonmartinfiz.com\/wp-content\/uploads\/2022\/10\/4.png","contentUrl":"https:\/\/www.maratonmartinfiz.com\/wp-content\/uploads\/2022\/10\/4.png"},{"@type":"BreadcrumbList","@id":"https:\/\/www.maratonmartinfiz.com\/circuito-21k\/#breadcrumb","itemListElement":[{"@type":"ListItem","position":1,"name":"Portada","item":"https:\/\/www.maratonmartinfiz.com\/"},{"@type":"ListItem","position":2,"name":"Media Marat\u00f3n &#8211; 21k"}]},{"@type":"WebSite","@id":"https:\/\/www.maratonmartinfiz.com\/#website","url":"https:\/\/www.maratonmartinfiz.com\/","name":"MARAT\u00d3N MART\u00cdN FIZ","description":"Elproex Marat\u00f3n Mart\u00edn Fiz Vitoria-Gasteiz","publisher":{"@id":"https:\/\/www.maratonmartinfiz.com\/#organization"},"potentialAction":[{"@type":"SearchAction","target":{"@type":"EntryPoint","urlTemplate":"https:\/\/www.maratonmartinfiz.com\/?s={search_term_string}"},"query-input":{"@type":"PropertyValueSpecification","valueRequired":true,"valueName":"search_term_string"}}],"inLanguage":"en-GB"},{"@type":"Organization","@id":"https:\/\/www.maratonmartinfiz.com\/#organization","name":"MARAT\u00d3N MART\u00cdN FIZ","url":"https:\/\/www.maratonmartinfiz.com\/","logo":{"@type":"ImageObject","inLanguage":"en-GB","@id":"https:\/\/www.maratonmartinfiz.com\/#\/schema\/logo\/image\/","url":"https:\/\/www.maratonmartinfiz.com\/wp-content\/uploads\/2022\/10\/cropped-cropped-8.png","contentUrl":"https:\/\/www.maratonmartinfiz.com\/wp-content\/uploads\/2022\/10\/cropped-cropped-8.png","width":512,"height":276,"caption":"MARAT\u00d3N MART\u00cdN FIZ"},"image":{"@id":"https:\/\/www.maratonmartinfiz.com\/#\/schema\/logo\/image\/"}}]}},"_links":{"self":[{"href":"https:\/\/www.maratonmartinfiz.com\/en\/wp-json\/wp\/v2\/pages\/300","targetHints":{"allow":["GET"]}}],"collection":[{"href":"https:\/\/www.maratonmartinfiz.com\/en\/wp-json\/wp\/v2\/pages"}],"about":[{"href":"https:\/\/www.maratonmartinfiz.com\/en\/wp-json\/wp\/v2\/types\/page"}],"author":[{"embeddable":true,"href":"https:\/\/www.maratonmartinfiz.com\/en\/wp-json\/wp\/v2\/users\/1"}],"replies":[{"embeddable":true,"href":"https:\/\/www.maratonmartinfiz.com\/en\/wp-json\/wp\/v2\/comments?post=300"}],"version-history":[{"count":97,"href":"https:\/\/www.maratonmartinfiz.com\/en\/wp-json\/wp\/v2\/pages\/300\/revisions"}],"predecessor-version":[{"id":4254,"href":"https:\/\/www.maratonmartinfiz.com\/en\/wp-json\/wp\/v2\/pages\/300\/revisions\/4254"}],"wp:attachment":[{"href":"https:\/\/www.maratonmartinfiz.com\/en\/wp-json\/wp\/v2\/media?parent=300"}],"curies":[{"name":"wp","href":"https:\/\/api.w.org\/{rel}","templated":true}]}}