{"id":296,"date":"2022-10-25T11:40:49","date_gmt":"2022-10-25T11:40:49","guid":{"rendered":"https:\/\/www.maratonmartinfiz.com\/?page_id=296"},"modified":"2026-03-03T12:53:36","modified_gmt":"2026-03-03T12:53:36","slug":"bienvenida-de-martin-fiz","status":"publish","type":"page","link":"https:\/\/www.maratonmartinfiz.com\/en\/bienvenida-de-martin-fiz\/","title":{"rendered":"WELCOME FROM MART\u00cdN FIZ"},"content":{"rendered":"<div data-elementor-type=\"wp-page\" data-elementor-id=\"296\" class=\"elementor elementor-296\" data-elementor-settings=\"{&quot;ha_cmc_init_switcher&quot;:&quot;no&quot;}\">\n\t\t\t\t\t\t<section class=\"elementor-section elementor-top-section elementor-element elementor-element-310f7d57 elementor-section-height-min-height elementor-section-boxed elementor-section-height-default elementor-section-items-middle\" data-id=\"310f7d57\" data-element_type=\"section\" data-settings=\"{&quot;background_background&quot;:&quot;classic&quot;,&quot;_ha_eqh_enable&quot;:false}\">\n\t\t\t\t\t\t\t<div class=\"elementor-background-overlay\"><\/div>\n\t\t\t\t\t\t\t<div class=\"elementor-container elementor-column-gap-extended\">\n\t\t\t\t\t<div class=\"elementor-column elementor-col-100 elementor-top-column elementor-element elementor-element-405c598c\" data-id=\"405c598c\" data-element_type=\"column\">\n\t\t\t<div class=\"elementor-widget-wrap elementor-element-populated\">\n\t\t\t\t\t\t<div class=\"elementor-element elementor-element-15398e9e elementor-widget elementor-widget-heading\" data-id=\"15398e9e\" data-element_type=\"widget\" data-widget_type=\"heading.default\">\n\t\t\t\t<div class=\"elementor-widget-container\">\n\t\t\t\t\t<h2 class=\"elementor-heading-title elementor-size-default\">BIENVENIDA DE MART\u00cdN FIZ<\/h2>\t\t\t\t<\/div>\n\t\t\t\t<\/div>\n\t\t\t\t<div class=\"elementor-element elementor-element-626483ec elementor-widget elementor-widget-heading\" data-id=\"626483ec\" data-element_type=\"widget\" data-widget_type=\"heading.default\">\n\t\t\t\t<div class=\"elementor-widget-container\">\n\t\t\t\t\t<h2 class=\"elementor-heading-title elementor-size-default\">ELPROEX VITORIA-GASTEIZ MARAT\u00d3N MART\u00cdN FIZ <\/h2>\t\t\t\t<\/div>\n\t\t\t\t<\/div>\n\t\t\t\t\t<\/div>\n\t\t<\/div>\n\t\t\t\t\t<\/div>\n\t\t<\/section>\n\t\t\t\t<section class=\"elementor-section elementor-top-section elementor-element elementor-element-1e9467ea elementor-section-boxed elementor-section-height-default elementor-section-height-default\" data-id=\"1e9467ea\" data-element_type=\"section\" data-settings=\"{&quot;background_background&quot;:&quot;classic&quot;,&quot;_ha_eqh_enable&quot;:false}\">\n\t\t\t\t\t\t<div class=\"elementor-container elementor-column-gap-default\">\n\t\t\t\t\t<div class=\"elementor-column elementor-col-33 elementor-top-column elementor-element elementor-element-6dfacecd\" data-id=\"6dfacecd\" data-element_type=\"column\">\n\t\t\t<div class=\"elementor-widget-wrap elementor-element-populated\">\n\t\t\t\t\t\t<div class=\"elementor-element elementor-element-2a0813bf elementor-widget elementor-widget-heading\" data-id=\"2a0813bf\" data-element_type=\"widget\" data-widget_type=\"heading.default\">\n\t\t\t\t<div class=\"elementor-widget-container\">\n\t\t\t\t\t<h2 class=\"elementor-heading-title elementor-size-default\">ONE DISTANCE, ONE ROUTE and ONE CITY FOR YOU\n\n<\/h2>\t\t\t\t<\/div>\n\t\t\t\t<\/div>\n\t\t\t\t<div class=\"elementor-element elementor-element-45da9499 elementor-widget elementor-widget-text-editor\" data-id=\"45da9499\" data-element_type=\"widget\" data-widget_type=\"text-editor.default\">\n\t\t\t\t<div class=\"elementor-widget-container\">\n\t\t\t\t\t\t\t\t\t<p>Llega una nueva edici\u00f3n del Elproex Vitoria-Gasteiz Marat\u00f3n Mart\u00edn Fiz y al igual que en ediciones anteriores sigo manteniendo la ilusi\u00f3n por un evento que lleva mi nombre, adem\u00e1s de celebrarse en la ciudad que me vio nacer, Vitoria-Gasteiz.<\/p>\t\t\t\t\t\t\t\t<\/div>\n\t\t\t\t<\/div>\n\t\t\t\t\t<\/div>\n\t\t<\/div>\n\t\t\t\t<div class=\"elementor-column elementor-col-33 elementor-top-column elementor-element elementor-element-10f753a3\" data-id=\"10f753a3\" data-element_type=\"column\">\n\t\t\t<div class=\"elementor-widget-wrap elementor-element-populated\">\n\t\t\t\t\t\t<div class=\"elementor-element elementor-element-4e54d7cc elementor-widget elementor-widget-image\" data-id=\"4e54d7cc\" data-element_type=\"widget\" data-widget_type=\"image.default\">\n\t\t\t\t<div class=\"elementor-widget-container\">\n\t\t\t\t\t\t\t\t\t\t\t\t\t\t\t<img fetchpriority=\"high\" decoding=\"async\" width=\"453\" height=\"705\" src=\"https:\/\/www.maratonmartinfiz.com\/wp-content\/uploads\/2022\/11\/Martin_fiz_maraton_2022.png\" class=\"attachment-full size-full wp-image-1050\" alt=\"\" srcset=\"https:\/\/www.maratonmartinfiz.com\/wp-content\/uploads\/2022\/11\/Martin_fiz_maraton_2022.png 453w, https:\/\/www.maratonmartinfiz.com\/wp-content\/uploads\/2022\/11\/Martin_fiz_maraton_2022-193x300.png 193w\" sizes=\"(max-width: 453px) 100vw, 453px\" \/>\t\t\t\t\t\t\t\t\t\t\t\t\t\t\t<\/div>\n\t\t\t\t<\/div>\n\t\t\t\t\t<\/div>\n\t\t<\/div>\n\t\t\t\t<div class=\"elementor-column elementor-col-33 elementor-top-column elementor-element elementor-element-706ceb7f\" data-id=\"706ceb7f\" data-element_type=\"column\">\n\t\t\t<div class=\"elementor-widget-wrap elementor-element-populated\">\n\t\t\t\t\t\t<div class=\"elementor-element elementor-element-15ba33e4 ha-infobox-media-dir-top ha-has-bg-overlay elementor-widget elementor-widget-ha-infobox happy-addon ha-infobox\" data-id=\"15ba33e4\" data-element_type=\"widget\" data-widget_type=\"ha-infobox.default\">\n\t\t\t\t<div class=\"elementor-widget-container\">\n\t\t\t\t\t\n\t\t\n\t\t<div class=\"ha-infobox-body\">\n\t\t\t\n\t\t\t\t\t\t\t<div class=\"ha-infobox-text\">\n\t\t\t\t\t<p>En mi ciudad y en mi marat\u00f3n solo espero que consig\u00e1is vuestros deseos, personales y deportivos. \u00a1Nos vemos corriendo! Nos vemos en Elproex Vitoria-Gasteiz Marat\u00f3n Mart\u00edn Fiz!<\/p>\n\t\t\t\t<\/div>\n\t\t\t\n\t\t\t<a class=\"ha-btn ha-btn--link\"><span class=\"ha-btn-text\">Mart\u00edn Fiz<\/span><\/a>\t\t<\/div>\n\t\t\t\t\t\t<\/div>\n\t\t\t\t<\/div>\n\t\t\t\t<div class=\"elementor-element elementor-element-ee9da6a elementor-widget elementor-widget-image\" data-id=\"ee9da6a\" data-element_type=\"widget\" data-widget_type=\"image.default\">\n\t\t\t\t<div class=\"elementor-widget-container\">\n\t\t\t\t\t\t\t\t\t\t\t\t\t\t\t<img decoding=\"async\" src=\"https:\/\/www.maratonmartinfiz.com\/wp-content\/uploads\/elementor\/thumbs\/Firma_martin_fiz-pxi1hc7dqgxkc1cwnrw5c9p2347z5z9cmkazl2llgo.png\" title=\"Firma_martin_fiz\" alt=\"Firma_martin_fiz\" loading=\"lazy\" \/>\t\t\t\t\t\t\t\t\t\t\t\t\t\t\t<\/div>\n\t\t\t\t<\/div>\n\t\t\t\t\t<\/div>\n\t\t<\/div>\n\t\t\t\t\t<\/div>\n\t\t<\/section>\n\t\t\t\t<section class=\"elementor-section elementor-top-section elementor-element elementor-element-a87bb28 elementor-section-boxed elementor-section-height-default elementor-section-height-default\" data-id=\"a87bb28\" data-element_type=\"section\" data-settings=\"{&quot;_ha_eqh_enable&quot;:false}\">\n\t\t\t\t\t\t<div class=\"elementor-container elementor-column-gap-default\">\n\t\t\t\t\t<div class=\"elementor-column elementor-col-100 elementor-top-column elementor-element elementor-element-0b24f8c\" data-id=\"0b24f8c\" data-element_type=\"column\">\n\t\t\t<div class=\"elementor-widget-wrap elementor-element-populated\">\n\t\t\t\t\t\t<div class=\"elementor-element elementor-element-36b74bd elementor-widget elementor-widget-text-editor\" data-id=\"36b74bd\" data-element_type=\"widget\" data-widget_type=\"text-editor.default\">\n\t\t\t\t<div class=\"elementor-widget-container\">\n\t\t\t\t\t\t\t\t\t<p>Running a marathon is a possible challenge. Health to train, exercise, run for physical and mental strength and feel young. Running makes us strong. After more than 35 years running all over the world and, after being proclaimed World Marathon Champion in 1995, twenty-five years after that achievement, I continue with the same passion for running, which has made me the first athlete in the world to win the Six Majors (New York, Tokyo, Boston, Berlin, Chicago and London) and I have achieved it in the category for the over 50 years old. Running gives me life, I feel happy with what I do, I love to share strides with the more than three thousand athletes who I hope will join me on the starting grid. Relating my athletic adventures is an aging sensation, counterbalanced by the fact that every day I maintain the physical and mental vitality to keep on putting on my running shoes and going for a run.<\/p><p>Vitoria-Gasteiz es una localidad de buenos deportistas y de grandes corredores. Me har\u00eda muy feliz ver el centro de la ciudad poblado de atletas maratonianos, amigos y compa\u00f1eros infatigables. El p\u00fablico alentando a todos por igual como si se tratara de un marat\u00f3n ol\u00edmpico y es que este a\u00f1o es a\u00f1o ol\u00edmpico, JJOO Tokio 2020. Aplausos para los primeros e igual de fuertes para los deportistas m\u00e1s rezagados. Este a\u00f1o, Elproex Vitoria-Gasteiz Marat\u00f3n Mart\u00edn Fiz, volvemos al centro urbano de la ciudad, un recorrido a dos vueltas dise\u00f1ado por m\u00ed mismo, m\u00e1s llano y c\u00e9ntrico donde sentir\u00e1s el aliento del p\u00fablico, apto para que cualquiera que vaya a participar consiga su mejor r\u00e9cord.<\/p><p>Vitoria-Gasteiz is a binomial of Tourism and Sport and you will feel it in the comfort to move around, its gastronomy, cultural tourism and of course, running in a European Green Capital.<\/p><p>What do you want to run? We have a distance for you: Children's race, 10 km popular, Half Marathon and Marathon. And the day before the race, what you can't miss is the race.\u00a0<em>Breakfast Run\u00a0<\/em>donde entrenaremos juntos y disfrutaremos despu\u00e9s de un desayuno saludable.\u00a0 T\u00fa eliges.<\/p><p>See you running! See you at Totalenergies Vitoria-Gasteiz Martin Fiz Marathon<\/p><p>\u00a1Nos vemos corriendo! Nos vemos en Elproex Vitoria-Gasteiz Marat\u00f3n Mart\u00edn Fiz<\/p>\t\t\t\t\t\t\t\t<\/div>\n\t\t\t\t<\/div>\n\t\t\t\t\t<\/div>\n\t\t<\/div>\n\t\t\t\t\t<\/div>\n\t\t<\/section>\n\t\t\t\t<\/div>","protected":false},"excerpt":{"rendered":"<p>BIENVENIDA DE MART\u00cdN FIZ ELPROEX VITORIA-GASTEIZ MARAT\u00d3N MART\u00cdN FIZ UNA DISTANCIA, UN RECORRIDO y UNA CIUDAD PARA TI Llega una nueva edici\u00f3n del Elproex Vitoria-Gasteiz Marat\u00f3n Mart\u00edn Fiz y al igual que en ediciones anteriores sigo manteniendo la ilusi\u00f3n por un evento que lleva mi nombre, adem\u00e1s de celebrarse en la ciudad que me vio [&hellip;]<\/p>","protected":false},"author":1,"featured_media":0,"parent":0,"menu_order":0,"comment_status":"closed","ping_status":"closed","template":"","meta":{"om_disable_all_campaigns":false,"_monsterinsights_skip_tracking":false,"_monsterinsights_sitenote_active":false,"_monsterinsights_sitenote_note":"","_monsterinsights_sitenote_category":0,"site-sidebar-layout":"no-sidebar","site-content-layout":"page-builder","ast-site-content-layout":"","site-content-style":"default","site-sidebar-style":"default","ast-global-header-display":"","ast-banner-title-visibility":"","ast-main-header-display":"","ast-hfb-above-header-display":"","ast-hfb-below-header-display":"","ast-hfb-mobile-header-display":"","site-post-title":"disabled","ast-breadcrumbs-content":"","ast-featured-img":"disabled","footer-sml-layout":"","theme-transparent-header-meta":"","adv-header-id-meta":"","stick-header-meta":"","header-above-stick-meta":"","header-main-stick-meta":"","header-below-stick-meta":"","astra-migrate-meta-layouts":"default","ast-page-background-enabled":"default","ast-page-background-meta":{"desktop":{"background-color":"var(--ast-global-color-4)","background-image":"","background-repeat":"repeat","background-position":"center center","background-size":"auto","background-attachment":"scroll","background-type":"","background-media":"","overlay-type":"","overlay-color":"","overlay-opacity":"","overlay-gradient":""},"tablet":{"background-color":"","background-image":"","background-repeat":"repeat","background-position":"center center","background-size":"auto","background-attachment":"scroll","background-type":"","background-media":"","overlay-type":"","overlay-color":"","overlay-opacity":"","overlay-gradient":""},"mobile":{"background-color":"","background-image":"","background-repeat":"repeat","background-position":"center center","background-size":"auto","background-attachment":"scroll","background-type":"","background-media":"","overlay-type":"","overlay-color":"","overlay-opacity":"","overlay-gradient":""}},"ast-content-background-meta":{"desktop":{"background-color":"var(--ast-global-color-5)","background-image":"","background-repeat":"repeat","background-position":"center center","background-size":"auto","background-attachment":"scroll","background-type":"","background-media":"","overlay-type":"","overlay-color":"","overlay-opacity":"","overlay-gradient":""},"tablet":{"background-color":"var(--ast-global-color-5)","background-image":"","background-repeat":"repeat","background-position":"center center","background-size":"auto","background-attachment":"scroll","background-type":"","background-media":"","overlay-type":"","overlay-color":"","overlay-opacity":"","overlay-gradient":""},"mobile":{"background-color":"var(--ast-global-color-5)","background-image":"","background-repeat":"repeat","background-position":"center center","background-size":"auto","background-attachment":"scroll","background-type":"","background-media":"","overlay-type":"","overlay-color":"","overlay-opacity":"","overlay-gradient":""}},"footnotes":""},"class_list":["post-296","page","type-page","status-publish","hentry"],"yoast_head":"<!-- This site is optimized with the Yoast SEO plugin v27.5 - https:\/\/yoast.com\/product\/yoast-seo-wordpress\/ -->\n<title>Bienvenida de Mart\u00edn Fiz - MARAT\u00d3N MART\u00cdN FIZ<\/title>\n<meta name=\"description\" content=\"Total Energies Vitoria-Gasteiz Marat\u00f3n Martin Fiz 2023. Disfruta de la carrera de running m\u00e1s importante de Vitoria, en la distancia que prefieras.\" \/>\n<meta name=\"robots\" content=\"index, follow, max-snippet:-1, max-image-preview:large, max-video-preview:-1\" \/>\n<link rel=\"canonical\" href=\"https:\/\/www.maratonmartinfiz.com\/en\/bienvenida-de-martin-fiz\/\" \/>\n<meta property=\"og:locale\" content=\"en_GB\" \/>\n<meta property=\"og:type\" content=\"article\" \/>\n<meta property=\"og:title\" content=\"Bienvenida de Mart\u00edn Fiz - MARAT\u00d3N MART\u00cdN FIZ\" \/>\n<meta property=\"og:description\" content=\"Total Energies Vitoria-Gasteiz Marat\u00f3n Martin Fiz 2023. Disfruta de la carrera de running m\u00e1s importante de Vitoria, en la distancia que prefieras.\" \/>\n<meta property=\"og:url\" content=\"https:\/\/www.maratonmartinfiz.com\/en\/bienvenida-de-martin-fiz\/\" \/>\n<meta property=\"og:site_name\" content=\"MARAT\u00d3N MART\u00cdN FIZ\" \/>\n<meta property=\"article:modified_time\" content=\"2026-03-03T12:53:36+00:00\" \/>\n<meta property=\"og:image\" content=\"https:\/\/www.maratonmartinfiz.com\/wp-content\/uploads\/2022\/11\/Martin_fiz_maraton_2022.png\" \/>\n\t<meta property=\"og:image:width\" content=\"453\" \/>\n\t<meta property=\"og:image:height\" content=\"705\" \/>\n\t<meta property=\"og:image:type\" content=\"image\/png\" \/>\n<meta name=\"twitter:card\" content=\"summary_large_image\" \/>\n<meta name=\"twitter:label1\" content=\"Estimated reading time\" \/>\n\t<meta name=\"twitter:data1\" content=\"3 minutes\" \/>\n<script type=\"application\/ld+json\" class=\"yoast-schema-graph\">{\"@context\":\"https:\\\/\\\/schema.org\",\"@graph\":[{\"@type\":\"WebPage\",\"@id\":\"https:\\\/\\\/www.maratonmartinfiz.com\\\/bienvenida-de-martin-fiz\\\/\",\"url\":\"https:\\\/\\\/www.maratonmartinfiz.com\\\/bienvenida-de-martin-fiz\\\/\",\"name\":\"Bienvenida de Mart\u00edn Fiz - MARAT\u00d3N MART\u00cdN FIZ\",\"isPartOf\":{\"@id\":\"https:\\\/\\\/www.maratonmartinfiz.com\\\/#website\"},\"primaryImageOfPage\":{\"@id\":\"https:\\\/\\\/www.maratonmartinfiz.com\\\/bienvenida-de-martin-fiz\\\/#primaryimage\"},\"image\":{\"@id\":\"https:\\\/\\\/www.maratonmartinfiz.com\\\/bienvenida-de-martin-fiz\\\/#primaryimage\"},\"thumbnailUrl\":\"https:\\\/\\\/www.maratonmartinfiz.com\\\/wp-content\\\/uploads\\\/2022\\\/11\\\/Martin_fiz_maraton_2022.png\",\"datePublished\":\"2022-10-25T11:40:49+00:00\",\"dateModified\":\"2026-03-03T12:53:36+00:00\",\"description\":\"Total Energies Vitoria-Gasteiz Marat\u00f3n Martin Fiz 2023. Disfruta de la carrera de running m\u00e1s importante de Vitoria, en la distancia que prefieras.\",\"breadcrumb\":{\"@id\":\"https:\\\/\\\/www.maratonmartinfiz.com\\\/bienvenida-de-martin-fiz\\\/#breadcrumb\"},\"inLanguage\":\"en-GB\",\"potentialAction\":[{\"@type\":\"ReadAction\",\"target\":[\"https:\\\/\\\/www.maratonmartinfiz.com\\\/bienvenida-de-martin-fiz\\\/\"]}]},{\"@type\":\"ImageObject\",\"inLanguage\":\"en-GB\",\"@id\":\"https:\\\/\\\/www.maratonmartinfiz.com\\\/bienvenida-de-martin-fiz\\\/#primaryimage\",\"url\":\"https:\\\/\\\/www.maratonmartinfiz.com\\\/wp-content\\\/uploads\\\/2022\\\/11\\\/Martin_fiz_maraton_2022.png\",\"contentUrl\":\"https:\\\/\\\/www.maratonmartinfiz.com\\\/wp-content\\\/uploads\\\/2022\\\/11\\\/Martin_fiz_maraton_2022.png\"},{\"@type\":\"BreadcrumbList\",\"@id\":\"https:\\\/\\\/www.maratonmartinfiz.com\\\/bienvenida-de-martin-fiz\\\/#breadcrumb\",\"itemListElement\":[{\"@type\":\"ListItem\",\"position\":1,\"name\":\"Portada\",\"item\":\"https:\\\/\\\/www.maratonmartinfiz.com\\\/\"},{\"@type\":\"ListItem\",\"position\":2,\"name\":\"Bienvenida de Mart\u00edn Fiz\"}]},{\"@type\":\"WebSite\",\"@id\":\"https:\\\/\\\/www.maratonmartinfiz.com\\\/#website\",\"url\":\"https:\\\/\\\/www.maratonmartinfiz.com\\\/\",\"name\":\"MARAT\u00d3N MART\u00cdN FIZ\",\"description\":\"Elproex Marat\u00f3n Mart\u00edn Fiz Vitoria-Gasteiz\",\"publisher\":{\"@id\":\"https:\\\/\\\/www.maratonmartinfiz.com\\\/#organization\"},\"potentialAction\":[{\"@type\":\"SearchAction\",\"target\":{\"@type\":\"EntryPoint\",\"urlTemplate\":\"https:\\\/\\\/www.maratonmartinfiz.com\\\/?s={search_term_string}\"},\"query-input\":{\"@type\":\"PropertyValueSpecification\",\"valueRequired\":true,\"valueName\":\"search_term_string\"}}],\"inLanguage\":\"en-GB\"},{\"@type\":\"Organization\",\"@id\":\"https:\\\/\\\/www.maratonmartinfiz.com\\\/#organization\",\"name\":\"MARAT\u00d3N MART\u00cdN FIZ\",\"url\":\"https:\\\/\\\/www.maratonmartinfiz.com\\\/\",\"logo\":{\"@type\":\"ImageObject\",\"inLanguage\":\"en-GB\",\"@id\":\"https:\\\/\\\/www.maratonmartinfiz.com\\\/#\\\/schema\\\/logo\\\/image\\\/\",\"url\":\"https:\\\/\\\/www.maratonmartinfiz.com\\\/wp-content\\\/uploads\\\/2022\\\/10\\\/cropped-cropped-8.png\",\"contentUrl\":\"https:\\\/\\\/www.maratonmartinfiz.com\\\/wp-content\\\/uploads\\\/2022\\\/10\\\/cropped-cropped-8.png\",\"width\":512,\"height\":276,\"caption\":\"MARAT\u00d3N MART\u00cdN FIZ\"},\"image\":{\"@id\":\"https:\\\/\\\/www.maratonmartinfiz.com\\\/#\\\/schema\\\/logo\\\/image\\\/\"}}]}<\/script>\n<!-- \/ Yoast SEO plugin. -->","yoast_head_json":{"title":"Bienvenida de Mart\u00edn Fiz - MARAT\u00d3N MART\u00cdN FIZ","description":"Total Energies Vitoria-Gasteiz Marat\u00f3n Martin Fiz 2023. Disfruta de la carrera de running m\u00e1s importante de Vitoria, en la distancia que prefieras.","robots":{"index":"index","follow":"follow","max-snippet":"max-snippet:-1","max-image-preview":"max-image-preview:large","max-video-preview":"max-video-preview:-1"},"canonical":"https:\/\/www.maratonmartinfiz.com\/en\/bienvenida-de-martin-fiz\/","og_locale":"en_GB","og_type":"article","og_title":"Bienvenida de Mart\u00edn Fiz - MARAT\u00d3N MART\u00cdN FIZ","og_description":"Total Energies Vitoria-Gasteiz Marat\u00f3n Martin Fiz 2023. Disfruta de la carrera de running m\u00e1s importante de Vitoria, en la distancia que prefieras.","og_url":"https:\/\/www.maratonmartinfiz.com\/en\/bienvenida-de-martin-fiz\/","og_site_name":"MARAT\u00d3N MART\u00cdN FIZ","article_modified_time":"2026-03-03T12:53:36+00:00","og_image":[{"width":453,"height":705,"url":"https:\/\/www.maratonmartinfiz.com\/wp-content\/uploads\/2022\/11\/Martin_fiz_maraton_2022.png","type":"image\/png"}],"twitter_card":"summary_large_image","twitter_misc":{"Estimated reading time":"3 minutes"},"schema":{"@context":"https:\/\/schema.org","@graph":[{"@type":"WebPage","@id":"https:\/\/www.maratonmartinfiz.com\/bienvenida-de-martin-fiz\/","url":"https:\/\/www.maratonmartinfiz.com\/bienvenida-de-martin-fiz\/","name":"Bienvenida de Mart\u00edn Fiz - MARAT\u00d3N MART\u00cdN FIZ","isPartOf":{"@id":"https:\/\/www.maratonmartinfiz.com\/#website"},"primaryImageOfPage":{"@id":"https:\/\/www.maratonmartinfiz.com\/bienvenida-de-martin-fiz\/#primaryimage"},"image":{"@id":"https:\/\/www.maratonmartinfiz.com\/bienvenida-de-martin-fiz\/#primaryimage"},"thumbnailUrl":"https:\/\/www.maratonmartinfiz.com\/wp-content\/uploads\/2022\/11\/Martin_fiz_maraton_2022.png","datePublished":"2022-10-25T11:40:49+00:00","dateModified":"2026-03-03T12:53:36+00:00","description":"Total Energies Vitoria-Gasteiz Marat\u00f3n Martin Fiz 2023. Disfruta de la carrera de running m\u00e1s importante de Vitoria, en la distancia que prefieras.","breadcrumb":{"@id":"https:\/\/www.maratonmartinfiz.com\/bienvenida-de-martin-fiz\/#breadcrumb"},"inLanguage":"en-GB","potentialAction":[{"@type":"ReadAction","target":["https:\/\/www.maratonmartinfiz.com\/bienvenida-de-martin-fiz\/"]}]},{"@type":"ImageObject","inLanguage":"en-GB","@id":"https:\/\/www.maratonmartinfiz.com\/bienvenida-de-martin-fiz\/#primaryimage","url":"https:\/\/www.maratonmartinfiz.com\/wp-content\/uploads\/2022\/11\/Martin_fiz_maraton_2022.png","contentUrl":"https:\/\/www.maratonmartinfiz.com\/wp-content\/uploads\/2022\/11\/Martin_fiz_maraton_2022.png"},{"@type":"BreadcrumbList","@id":"https:\/\/www.maratonmartinfiz.com\/bienvenida-de-martin-fiz\/#breadcrumb","itemListElement":[{"@type":"ListItem","position":1,"name":"Portada","item":"https:\/\/www.maratonmartinfiz.com\/"},{"@type":"ListItem","position":2,"name":"Bienvenida de Mart\u00edn Fiz"}]},{"@type":"WebSite","@id":"https:\/\/www.maratonmartinfiz.com\/#website","url":"https:\/\/www.maratonmartinfiz.com\/","name":"MARAT\u00d3N MART\u00cdN FIZ","description":"Elproex Marat\u00f3n Mart\u00edn Fiz Vitoria-Gasteiz","publisher":{"@id":"https:\/\/www.maratonmartinfiz.com\/#organization"},"potentialAction":[{"@type":"SearchAction","target":{"@type":"EntryPoint","urlTemplate":"https:\/\/www.maratonmartinfiz.com\/?s={search_term_string}"},"query-input":{"@type":"PropertyValueSpecification","valueRequired":true,"valueName":"search_term_string"}}],"inLanguage":"en-GB"},{"@type":"Organization","@id":"https:\/\/www.maratonmartinfiz.com\/#organization","name":"MARAT\u00d3N MART\u00cdN FIZ","url":"https:\/\/www.maratonmartinfiz.com\/","logo":{"@type":"ImageObject","inLanguage":"en-GB","@id":"https:\/\/www.maratonmartinfiz.com\/#\/schema\/logo\/image\/","url":"https:\/\/www.maratonmartinfiz.com\/wp-content\/uploads\/2022\/10\/cropped-cropped-8.png","contentUrl":"https:\/\/www.maratonmartinfiz.com\/wp-content\/uploads\/2022\/10\/cropped-cropped-8.png","width":512,"height":276,"caption":"MARAT\u00d3N MART\u00cdN FIZ"},"image":{"@id":"https:\/\/www.maratonmartinfiz.com\/#\/schema\/logo\/image\/"}}]}},"_links":{"self":[{"href":"https:\/\/www.maratonmartinfiz.com\/en\/wp-json\/wp\/v2\/pages\/296","targetHints":{"allow":["GET"]}}],"collection":[{"href":"https:\/\/www.maratonmartinfiz.com\/en\/wp-json\/wp\/v2\/pages"}],"about":[{"href":"https:\/\/www.maratonmartinfiz.com\/en\/wp-json\/wp\/v2\/types\/page"}],"author":[{"embeddable":true,"href":"https:\/\/www.maratonmartinfiz.com\/en\/wp-json\/wp\/v2\/users\/1"}],"replies":[{"embeddable":true,"href":"https:\/\/www.maratonmartinfiz.com\/en\/wp-json\/wp\/v2\/comments?post=296"}],"version-history":[{"count":20,"href":"https:\/\/www.maratonmartinfiz.com\/en\/wp-json\/wp\/v2\/pages\/296\/revisions"}],"predecessor-version":[{"id":4224,"href":"https:\/\/www.maratonmartinfiz.com\/en\/wp-json\/wp\/v2\/pages\/296\/revisions\/4224"}],"wp:attachment":[{"href":"https:\/\/www.maratonmartinfiz.com\/en\/wp-json\/wp\/v2\/media?parent=296"}],"curies":[{"name":"wp","href":"https:\/\/api.w.org\/{rel}","templated":true}]}}